{"id":3056,"date":"2026-04-09T14:19:04","date_gmt":"2026-04-09T12:19:04","guid":{"rendered":"https:\/\/www.evamatic.at\/product\/kennzeichenhalter-pkw-schweiz-3008ch-klapprahmen-2\/"},"modified":"2026-05-05T13:57:30","modified_gmt":"2026-05-05T11:57:30","slug":"drzak-spz-auto-svycarsko-3008ch-sklopny-ram-2","status":"publish","type":"product","link":"https:\/\/www.evamatic.com\/cs\/product\/kennzeichenhalter-pkw-schweiz-3008ch-klapprahmen-2\/","title":{"rendered":"Dr\u017e\u00e1k registra\u010dn\u00ed zna\u010dky osobn\u00edho automobilu \u0160v\u00fdcarsko 300\u00d780 mm (3008CH) \u2013 Sklopn\u00fd r\u00e1m"},"content":{"rendered":"<p><strong>Dr\u017eiak \u0160PZ 3008CH je skladac\u00ed r\u00e1m vhodn\u00fd pre \u0161vaj\u010diarske \u0160PZ osobn\u00fdch automobilov vo form\u00e1te 300 \u00d7 80 mm.<\/strong><\/p>\n<p>Dr\u017eiak eviden\u010dn\u00fdch \u010d\u00edsel Evamatic 3008CH je \u0161peci\u00e1lne navrhnut\u00fd pre \u0161vaj\u010diarske eviden\u010dn\u00e9 \u010d\u00edsla s rozmermi 300\u00d780 mm a zais\u0165uje bezpe\u010dn\u00e9, stabiln\u00e9 a \u010dist\u00e9 pripevnenie k vozidlu. V\u010faka presn\u00e9mu vyhotoveniu eviden\u010dn\u00e9 \u010d\u00edslo pevne a bez vibr\u00e1ci\u00ed sed\u00ed \u2013 ide\u00e1lne pre ka\u017edodenn\u00e9 pou\u017eitie v cestnej prem\u00e1vke. Dr\u017eiak presved\u010d\u00ed svojou robustnou kon\u0161trukciou a dlhou \u017eivotnos\u0165ou, ktor\u00e1 spo\u013eahlivo vydr\u017e\u00ed aj pri meniacich sa poveternostn\u00fdch podmienkach. Jeho jednoduch\u00fd, funk\u010dn\u00fd vzh\u013ead zapadne do dizajnu ka\u017ed\u00e9ho vozidla.<\/p>\n<p><strong>V\u00fdhody:<\/strong><\/p>\n<ul>\n<li>Vhodn\u00e9 pro \u0161v\u00fdcarsk\u00e9 registra\u010dn\u00ed zna\u010dky 300\u00d780 mm<\/li>\n<li>Bezpe\u010dn\u00e9 uchopen\u00ed bez vrz\u00e1n\u00ed<\/li>\n<li>Robustn\u00ed a odoln\u00e9 proveden\u00ed<\/li>\n<li>Snadn\u00e1 mont\u00e1\u017e<\/li>\n<li>Decentn\u00ed, nad\u010dasov\u00fd design<br \/>\nOblasti pou\u017eit\u00ed<\/li>\n<li>Osobn\u00ed a u\u017eitkov\u00e1 vozidla ve \u0160v\u00fdcarsku<\/li>\n<li>Soukrom\u00e1 vozidla<\/li>\n<li>Firemn\u00ed a servisn\u00ed vozidla<\/li>\n<li>Autosalon a d\u00edlna<\/li>\n<\/ul>\n<p>&nbsp;<\/p>\n<p><strong><span style=\"color: #000000;\">Detaily produktu:<\/span><\/strong><\/p>\n<ul>\n<li><span style=\"color: #000000;\">Uz\u00e1v\u011br: Klapr\u00e1m<\/span><\/li>\n<li><span style=\"color: #000000;\">Barva: \u010dern\u00e1<\/span><\/li>\n<li><span style=\"color: #000000;\">Materi\u00e1l: Polypropylen<\/span><\/li>\n<li><span style=\"color: #000000;\">Tiskov\u00e9 varianty: nepotisk, 4c digit\u00e1ln\u00ed tisk pololeskl\u00fd, 4c digit\u00e1ln\u00ed tisk s povlakem z um\u011bl\u00e9 prysky\u0159ice<\/span><\/li>\n<\/ul>","protected":false},"excerpt":{"rendered":"<p>Der Kennzeichenhalter 3008CH ist ein Klapprahmen passend f\u00fcr schweizer PKW Kennzeichen im Format 300&#215;80 mm. Der Evamatic Kennzeichenhalter 3008CH ist speziell f\u00fcr schweizer Kennzeichen 300&#215;80 mm konzipiert und sorgt f\u00fcr eine sichere, stabile und saubere Befestigung am Fahrzeug. Dank passgenauer Ausf\u00fchrung sitzt das Kennzeichen fest und vibrationsfrei \u2013 ideal f\u00fcr den t\u00e4glichen Einsatz im Stra\u00dfenverkehr. [&hellip;]<\/p>\n","protected":false},"featured_media":2138,"template":"","meta":{"_acf_changed":false},"product_brand":[],"product_cat":[201,209],"product_tag":[],"class_list":{"0":"post-3056","1":"product","2":"type-product","3":"status-publish","4":"has-post-thumbnail","6":"product_cat-kennzeichenhalter-schweiz","7":"product_cat-pkw-lkw-500x100-mm-300x80-mm-300x160-mm","8":"pa_druckvariante-4c-druck-mit-kunstharzbeschichtung-silber-matt","9":"pa_druckvariante-4c-druck-seidenmatt","10":"pa_druckvariante-4c-druck-mit-kunstharzbeschichtung","11":"pa_druckvariante-4c-druck-mit-kunstharzbeschichtung-silber-hochglanz","12":"pa_druckvariante-4c-druck-mit-kunstharzbeschichtung-reflektierend","13":"pa_menge-96","14":"pa_menge-114","15":"pa_menge-118","16":"pa_menge-130","17":"pa_menge-131","19":"first","20":"instock","21":"taxable","22":"shipping-taxable","23":"purchasable","24":"product-type-variable"},"exclude_global_add_ons":false,"addons":[{"name":"Nahr\u00e1t tiskov\u00e1 data","type":"file_upload","position":0,"required":false,"title_format":"label","default":"","description_enable":false,"description":"Bitte laden Sie hier die Druckdatei (Bild) hoch.","placeholder_enable":false,"placeholder":"","display":"select","restrictions_type":"any_text","adjust_price":false,"price":"","price_type":"flat_fee","restrictions":false,"min":"0","max":"0","options":[],"id":1776081863},{"name":"\u00a0","type":"checkbox","position":1,"required":false,"title_format":"label","default":"","description_enable":true,"description":"P\u0159enechte design profesion\u00e1l\u016fm! Jednodu\u0161e n\u00e1m za\u0161lete sv\u00e9 po\u017eadavky, loga, texty a preferovan\u00e9 fonty e-mailem nebo prost\u0159ednictv\u00edm na\u0161\u00ed funkce pro nahr\u00e1v\u00e1n\u00ed. N\u00e1\u0161 zku\u0161en\u00fd grafick\u00fd t\u00fdm pro v\u00e1s vytvo\u0159\u00ed a\u017e 3 individu\u00e1ln\u00ed n\u00e1vrhy designu, dokonale p\u0159izp\u016fsoben\u00e9 va\u0161im po\u017eadavk\u016fm.","placeholder_enable":false,"placeholder":"","display":"select","restrictions_type":"any_text","adjust_price":false,"price":"","price_type":"flat_fee","restrictions":false,"min":"0","max":"0","options":[{"label":"Professionelle Layouterstellung durch unsere Grafikabteilung","price":"35","price_type":"flat_fee","image":0,"visibility":true}],"id":1775653837}],"acf":[],"_links":{"self":[{"href":"https:\/\/www.evamatic.com\/cs\/wp-json\/wp\/v2\/product\/3056","targetHints":{"allow":["GET"]}}],"collection":[{"href":"https:\/\/www.evamatic.com\/cs\/wp-json\/wp\/v2\/product"}],"about":[{"href":"https:\/\/www.evamatic.com\/cs\/wp-json\/wp\/v2\/types\/product"}],"wp:featuredmedia":[{"embeddable":true,"href":"https:\/\/www.evamatic.com\/cs\/wp-json\/wp\/v2\/media\/2138"}],"wp:attachment":[{"href":"https:\/\/www.evamatic.com\/cs\/wp-json\/wp\/v2\/media?parent=3056"}],"wp:term":[{"taxonomy":"product_brand","embeddable":true,"href":"https:\/\/www.evamatic.com\/cs\/wp-json\/wp\/v2\/product_brand?post=3056"},{"taxonomy":"product_cat","embeddable":true,"href":"https:\/\/www.evamatic.com\/cs\/wp-json\/wp\/v2\/product_cat?post=3056"},{"taxonomy":"product_tag","embeddable":true,"href":"https:\/\/www.evamatic.com\/cs\/wp-json\/wp\/v2\/product_tag?post=3056"}],"curies":[{"name":"wp","href":"https:\/\/api.w.org\/{rel}","templated":true}]}}