{"id":3020,"date":"2026-04-09T14:19:02","date_gmt":"2026-04-09T12:19:02","guid":{"rendered":"https:\/\/www.evamatic.at\/product\/kennzeichenhalter-pkw-schweiz-5011ch-klapprahmen-2\/"},"modified":"2026-05-05T13:57:52","modified_gmt":"2026-05-05T11:57:52","slug":"drzak-espz-osobni-auto-svycarsko-5011ch-sklopny-ram-2","status":"publish","type":"product","link":"https:\/\/www.evamatic.com\/cs\/product\/kennzeichenhalter-pkw-schweiz-5011ch-klapprahmen-2\/","title":{"rendered":"Dr\u017e\u00e1k registra\u010dn\u00ed zna\u010dky pro osobn\u00ed automobily \u0160v\u00fdcarsko 500\u00d7110 mm (5011CH) \u2013 sklopn\u00fd r\u00e1m"},"content":{"rendered":"<p><span style=\"color: #000000;\"><strong>Dr\u017eiak \u0160PZ 5011CH je skladac\u00ed r\u00e1m vhodn\u00fd pre \u0160PZ pre osobn\u00e9 automobily v \u0160vaj\u010diarsku vo form\u00e1te 500\u00d7110 mm.<\/strong><\/span><\/p>\n<p><span style=\"color: #000000;\">Dr\u017e\u00e1k \u0160PZ Evamatic 5011CH je speci\u00e1ln\u011b navr\u017een pro \u0161v\u00fdcarsk\u00e9 \u0160PZ o rozm\u011brech 500x110mm a zaji\u0161\u0165uje bezpe\u010dn\u00e9, stabiln\u00ed a \u010dist\u00e9 upevn\u011bn\u00ed na vozidle. D\u00edky p\u0159esn\u00e9mu proveden\u00ed sed\u00ed \u0160PZ pevn\u011b a bez vibrac\u00ed \u2013 ide\u00e1ln\u00ed pro ka\u017edodenn\u00ed provoz na silnici. Dr\u017e\u00e1k p\u0159esv\u011bd\u010d\u00ed svou robustn\u00ed konstrukc\u00ed a odolnou konstrukc\u00ed, kter\u00e1 spolehliv\u011b vydr\u017e\u00ed i p\u0159i prom\u011bnliv\u00fdch pov\u011btrnostn\u00edch podm\u00ednk\u00e1ch. Jednoduch\u00fd, funk\u010dn\u00ed vzhled se za\u010dlen\u00ed do jak\u00e9hokoli designu vozidla.<\/span><\/p>\n<p><span style=\"color: #000000;\"><strong>V\u00fdhody:<\/strong><\/span><\/p>\n<ul>\n<li><span style=\"color: #000000;\">Vhodn\u00e9 pro \u0161v\u00fdcarsk\u00e9 registra\u010dn\u00ed zna\u010dky 500x110 mm<\/span><\/li>\n<li><span style=\"color: #000000;\">Bezpe\u010dn\u00e9 uchopen\u00ed bez vrz\u00e1n\u00ed<\/span><\/li>\n<li><span style=\"color: #000000;\">Robustn\u00ed a odoln\u00e9 proveden\u00ed<\/span><\/li>\n<li><span style=\"color: #000000;\">Snadn\u00e1 mont\u00e1\u017e<\/span><\/li>\n<li><span style=\"color: #000000;\">Decentn\u00ed, nad\u010dasov\u00fd design<\/span><\/li>\n<\/ul>\n<p>&nbsp;<\/p>\n<p><span style=\"color: #000000;\"><strong>Oblast pou\u017eit\u00ed:<\/strong><\/span><\/p>\n<ul>\n<li><span style=\"color: #000000;\">Osobn\u00ed a u\u017eitkov\u00e1 vozidla ve \u0160v\u00fdcarsku<\/span><\/li>\n<li><span style=\"color: #000000;\">Soukrom\u00e1 vozidla<\/span><\/li>\n<li><span style=\"color: #000000;\">Firemn\u00ed a servisn\u00ed vozidla<\/span><\/li>\n<li><span style=\"color: #000000;\">Autosalon a d\u00edlna<\/span><\/li>\n<\/ul>\n<p>&nbsp;<\/p>\n<p><span style=\"color: #000000;\"><strong>Detaily produktu:<\/strong><\/span><\/p>\n<ul>\n<li><span style=\"color: #000000;\">Dr\u017e\u00e1k RZ 5011CH \u2013 pro \u0161v\u00fdcarsk\u00e9 RZ L 500 H 110 mm<\/span><\/li>\n<li><span style=\"color: #000000;\">Uz\u00e1v\u011br: Klapr\u00e1m<\/span><\/li>\n<li><span style=\"color: #000000;\">Barva: \u010dern\u00e1<\/span><\/li>\n<li><span style=\"color: #000000;\">Materi\u00e1l: Polypropylen<\/span><\/li>\n<li><span style=\"color: #000000;\">Tiskov\u00e9 varianty: nepotisk, 4c digit\u00e1ln\u00ed tisk pololeskl\u00fd, 4c digit\u00e1ln\u00ed tisk s povlakem z um\u011bl\u00e9 prysky\u0159ice<\/span><\/li>\n<\/ul>","protected":false},"excerpt":{"rendered":"<p>Der Kennzeichenhalter 5011CH ist ein Klapprahmen passend f\u00fcr schweizer PKW Kennzeichen im Format 500&#215;110 mm. Der Evamatic Kennzeichenhalter 5011CH ist speziell f\u00fcr Schweizer Kennzeichen 500x110mm konzipiert und sorgt f\u00fcr eine sichere, stabile und saubere Befestigung am Fahrzeug. Dank passgenauer Ausf\u00fchrung sitzt das Kennzeichen fest und vibrationsfrei \u2013 ideal f\u00fcr den t\u00e4glichen Einsatz im Stra\u00dfenverkehr. Der [&hellip;]<\/p>\n","protected":false},"featured_media":2137,"template":"","meta":{"_acf_changed":false},"product_brand":[],"product_cat":[201,209],"product_tag":[],"class_list":{"0":"post-3020","1":"product","2":"type-product","3":"status-publish","4":"has-post-thumbnail","6":"product_cat-kennzeichenhalter-schweiz","7":"product_cat-pkw-lkw-500x100-mm-300x80-mm-300x160-mm","8":"pa_druckvariante-4c-druck-mit-kunstharzbeschichtung-silber-matt","9":"pa_druckvariante-4c-druck-seidenmatt","10":"pa_druckvariante-4c-druck-mit-kunstharzbeschichtung","11":"pa_druckvariante-4c-druck-mit-kunstharzbeschichtung-silber-hochglanz","12":"pa_druckvariante-4c-druck-mit-kunstharzbeschichtung-reflektierend","13":"pa_menge-95","14":"pa_menge-96","15":"pa_menge-114","16":"pa_menge-118","17":"pa_menge-130","18":"pa_menge-131","20":"first","21":"instock","22":"taxable","23":"shipping-taxable","24":"purchasable","25":"product-type-variable"},"exclude_global_add_ons":false,"addons":[{"name":"Nahr\u00e1t tiskov\u00e1 data","type":"file_upload","position":0,"required":false,"title_format":"label","default":"","description_enable":false,"description":"Bitte laden Sie hier die Druckdatei (Bild) hoch.","placeholder_enable":false,"placeholder":"","display":"select","restrictions_type":"any_text","adjust_price":false,"price":"","price_type":"flat_fee","restrictions":false,"min":"0","max":"0","options":[],"id":1776081863},{"name":"\u00a0","type":"checkbox","position":1,"required":false,"title_format":"label","default":"","description_enable":true,"description":"P\u0159enechte design profesion\u00e1l\u016fm! Jednodu\u0161e n\u00e1m za\u0161lete sv\u00e9 po\u017eadavky, loga, texty a preferovan\u00e9 fonty e-mailem nebo prost\u0159ednictv\u00edm na\u0161\u00ed funkce pro nahr\u00e1v\u00e1n\u00ed. N\u00e1\u0161 zku\u0161en\u00fd grafick\u00fd t\u00fdm pro v\u00e1s vytvo\u0159\u00ed a\u017e 3 individu\u00e1ln\u00ed n\u00e1vrhy designu, dokonale p\u0159izp\u016fsoben\u00e9 va\u0161im po\u017eadavk\u016fm.","placeholder_enable":false,"placeholder":"","display":"select","restrictions_type":"any_text","adjust_price":false,"price":"","price_type":"flat_fee","restrictions":false,"min":"0","max":"0","options":[{"label":"Professionelle Layouterstellung durch unsere Grafikabteilung","price":"35","price_type":"flat_fee","image":0,"visibility":true}],"id":1775653837}],"acf":[],"_links":{"self":[{"href":"https:\/\/www.evamatic.com\/cs\/wp-json\/wp\/v2\/product\/3020","targetHints":{"allow":["GET"]}}],"collection":[{"href":"https:\/\/www.evamatic.com\/cs\/wp-json\/wp\/v2\/product"}],"about":[{"href":"https:\/\/www.evamatic.com\/cs\/wp-json\/wp\/v2\/types\/product"}],"wp:featuredmedia":[{"embeddable":true,"href":"https:\/\/www.evamatic.com\/cs\/wp-json\/wp\/v2\/media\/2137"}],"wp:attachment":[{"href":"https:\/\/www.evamatic.com\/cs\/wp-json\/wp\/v2\/media?parent=3020"}],"wp:term":[{"taxonomy":"product_brand","embeddable":true,"href":"https:\/\/www.evamatic.com\/cs\/wp-json\/wp\/v2\/product_brand?post=3020"},{"taxonomy":"product_cat","embeddable":true,"href":"https:\/\/www.evamatic.com\/cs\/wp-json\/wp\/v2\/product_cat?post=3020"},{"taxonomy":"product_tag","embeddable":true,"href":"https:\/\/www.evamatic.com\/cs\/wp-json\/wp\/v2\/product_tag?post=3020"}],"curies":[{"name":"wp","href":"https:\/\/api.w.org\/{rel}","templated":true}]}}