{"id":2999,"date":"2026-04-09T14:19:01","date_gmt":"2026-04-09T12:19:01","guid":{"rendered":"https:\/\/www.evamatic.at\/product\/kennzeichenhalter-motorrad-eu-270-drehverschluss-2\/"},"modified":"2026-05-05T13:58:55","modified_gmt":"2026-05-05T11:58:55","slug":"drzak-registracni-znacky-motocykl-eu-270-otocny-uzaver-2","status":"publish","type":"product","link":"https:\/\/www.evamatic.com\/cs\/product\/kennzeichenhalter-motorrad-eu-270-drehverschluss-2\/","title":{"rendered":"Dr\u017e\u00e1k pozn\u00e1vac\u00ed zna\u010dky motocykl EU 240\u00d7150 mm (270) \u2013 oto\u010dn\u00fd uz\u00e1v\u011br"},"content":{"rendered":"<p><span style=\"color: #000000;\"><strong>Dr\u017e\u00e1k SPZ motocykl EU typ 270 pro dvou\u0159\u00e1dkov\u00e9 dr\u017e\u00e1ky SPZ 240\u00d7150 mm<\/strong><\/span><\/p>\n<p><span style=\"color: #000000;\">Dr\u017e\u00e1k registra\u010dn\u00edch zna\u010dek Evamatic 270 nab\u00edz\u00ed bezpe\u010dn\u00e9 a pohodln\u00e9 \u0159e\u0161en\u00ed pro upevn\u011bn\u00ed evropsk\u00fdch motocyklov\u00fdch zna\u010dek (240x150 mm). D\u00edky integrovan\u00e9mu oto\u010dn\u00e9mu uz\u00e1v\u011bru lze zna\u010dku snadno vlo\u017eit a spolehliv\u011b zajistit \u2013 ide\u00e1ln\u00ed pro ka\u017edodenn\u00ed pou\u017eit\u00ed. Potisknuteln\u00e1 reklamn\u00ed li\u0161ta (155 \u00d7 22 mm) poskytuje dostatek prostoru pro loga, n\u00e1pisy nebo reklamn\u00ed sd\u011blen\u00ed a \u010din\u00ed z dr\u017e\u00e1ku decentn\u00ed, ale \u00fa\u010dinn\u00fd nosi\u010d reklamy.<\/span><\/p>\n<p><span style=\"color: #000000;\"><strong>Detaily produktu:<\/strong><\/span><\/p>\n<ul>\n<li><span style=\"color: #000000;\">Uz\u00e1v\u011br: \u0161roubovac\u00ed<\/span><\/li>\n<li><span style=\"color: #000000;\">Barva: \u010dern\u00e1<\/span><\/li>\n<li><span style=\"color: #000000;\">Materi\u00e1l: Polypropylen<\/span><\/li>\n<li><span style=\"color: #000000;\">Tiskov\u00e9 varianty: neti\u0161t\u011bn\u00e9, 4c digit\u00e1ln\u00ed tisk s prysky\u0159i\u010dn\u00fdm povlakem<\/span><\/li>\n<\/ul>","protected":false},"excerpt":{"rendered":"<p>Kennzeichenhalter Motorrad EU Type 270 f\u00fcr zweizeilige Kennzeichenhalter 240&#215;150 mm Der Evamatic Kennzeichenhalter 270 bietet eine sichere und komfortable L\u00f6sung zur Befestigung von EU Motorrad Kennzeichen (240x150mm). Dank des integrierten Drehverschlusses l\u00e4sst sich das Kennzeichen einfach einlegen und zuverl\u00e4ssig fixieren \u2013 ideal f\u00fcr den t\u00e4glichen Einsatz. Die bedruckbare Werbeleiste (155 \u00d7 22 mm) bietet ausreichend [&hellip;]<\/p>\n","protected":false},"featured_media":2151,"template":"","meta":{"_acf_changed":false},"product_brand":[],"product_cat":[199,204],"product_tag":[],"class_list":{"0":"post-2999","1":"product","2":"type-product","3":"status-publish","4":"has-post-thumbnail","6":"product_cat-kennzeichenhalter-eu","7":"product_cat-motorrad-240x150-mm","8":"pa_druckvariante-unbedruckt","9":"pa_druckvariante-4c-druck-mit-kunstharzbeschichtung","10":"pa_druckvariante-4c-druck-mit-kunstharzbeschichtung-silber-hochglanz","11":"pa_druckvariante-4c-druck-mit-kunstharzbeschichtung-reflektierend","12":"pa_druckvariante-4c-druck-mit-kunstharzbeschichtung-silber-matt","13":"pa_menge-120","14":"pa_menge-95","15":"pa_menge-96","16":"pa_menge-116","17":"pa_menge-119","19":"first","20":"instock","21":"taxable","22":"shipping-taxable","23":"purchasable","24":"product-type-variable"},"exclude_global_add_ons":false,"addons":[{"name":"Nahr\u00e1t tiskov\u00e1 data","type":"file_upload","position":0,"required":false,"title_format":"label","default":"","description_enable":false,"description":"Bitte laden Sie hier die Druckdatei (Bild) hoch.","placeholder_enable":false,"placeholder":"","display":"select","restrictions_type":"any_text","adjust_price":false,"price":"","price_type":"flat_fee","restrictions":false,"min":"0","max":"0","options":[],"id":1776081863},{"name":"\u00a0","type":"checkbox","position":1,"required":false,"title_format":"label","default":"","description_enable":true,"description":"P\u0159enechte design profesion\u00e1l\u016fm! Jednodu\u0161e n\u00e1m za\u0161lete sv\u00e9 po\u017eadavky, loga, texty a preferovan\u00e9 fonty e-mailem nebo prost\u0159ednictv\u00edm na\u0161\u00ed funkce pro nahr\u00e1v\u00e1n\u00ed. N\u00e1\u0161 zku\u0161en\u00fd grafick\u00fd t\u00fdm pro v\u00e1s vytvo\u0159\u00ed a\u017e 3 individu\u00e1ln\u00ed n\u00e1vrhy designu, dokonale p\u0159izp\u016fsoben\u00e9 va\u0161im po\u017eadavk\u016fm.","placeholder_enable":false,"placeholder":"","display":"select","restrictions_type":"any_text","adjust_price":false,"price":"","price_type":"flat_fee","restrictions":false,"min":"0","max":"0","options":[{"label":"Professionelle Layouterstellung durch unsere Grafikabteilung","price":"35","price_type":"flat_fee","image":0,"visibility":true}],"id":1775653837}],"acf":[],"_links":{"self":[{"href":"https:\/\/www.evamatic.com\/cs\/wp-json\/wp\/v2\/product\/2999","targetHints":{"allow":["GET"]}}],"collection":[{"href":"https:\/\/www.evamatic.com\/cs\/wp-json\/wp\/v2\/product"}],"about":[{"href":"https:\/\/www.evamatic.com\/cs\/wp-json\/wp\/v2\/types\/product"}],"wp:featuredmedia":[{"embeddable":true,"href":"https:\/\/www.evamatic.com\/cs\/wp-json\/wp\/v2\/media\/2151"}],"wp:attachment":[{"href":"https:\/\/www.evamatic.com\/cs\/wp-json\/wp\/v2\/media?parent=2999"}],"wp:term":[{"taxonomy":"product_brand","embeddable":true,"href":"https:\/\/www.evamatic.com\/cs\/wp-json\/wp\/v2\/product_brand?post=2999"},{"taxonomy":"product_cat","embeddable":true,"href":"https:\/\/www.evamatic.com\/cs\/wp-json\/wp\/v2\/product_cat?post=2999"},{"taxonomy":"product_tag","embeddable":true,"href":"https:\/\/www.evamatic.com\/cs\/wp-json\/wp\/v2\/product_tag?post=2999"}],"curies":[{"name":"wp","href":"https:\/\/api.w.org\/{rel}","templated":true}]}}