{"id":2984,"date":"2026-04-09T14:19:01","date_gmt":"2026-04-09T12:19:01","guid":{"rendered":"https:\/\/www.evamatic.at\/product\/kennzeichenhalter-suvs-gelaendewagen-quads-lkw-und-anhaenger-deutschland-type-340-2-zeilig-klapprahmen-2\/"},"modified":"2026-05-05T13:58:22","modified_gmt":"2026-05-05T11:58:22","slug":"drziaky-spz-suv-terenne-vozidla-stvorkolky-nakladne-vozidla-a-privesy-nemecko-typ-340-2-riadky-sklopny-ram-2","status":"publish","type":"product","link":"https:\/\/www.evamatic.com\/cs\/product\/kennzeichenhalter-suvs-gelaendewagen-quads-lkw-und-anhaenger-deutschland-type-340-2-zeilig-klapprahmen-2\/","title":{"rendered":"Dr\u017e\u00e1k registra\u010dn\u00ed zna\u010dky SUV \/ ter\u00e9nn\u00ed vozidla \/ \u010dty\u0159kolky \/ n\u00e1kladn\u00ed vozy a p\u0159\u00edv\u011bsy N\u011bmecko 340\u00d7200 mm (340 2\u0159\u00e1dkov\u00fd) \u2013 sklopn\u00fd r\u00e1m"},"content":{"rendered":"<p><span style=\"color: #000000;\"><strong>Dr\u017e\u00e1k SPZ 340 \u2013 dvou\u0159\u00e1dkov\u00fd sklopn\u00fd r\u00e1m pro SPZ form\u00e1tu 340\u00d7200 mm pro SUV \/ ter\u00e9nn\u00ed vozidla \/ \u010dty\u0159kolky \/ n\u00e1kladn\u00ed automobily a p\u0159\u00edv\u011bsy<\/strong><\/span><\/p>\n<p><span style=\"color: #000000;\">Dr\u017e\u00e1k registra\u010dn\u00ed zna\u010dky Evamatic 340 od zna\u010dky Evamatic je robustn\u00ed, dvou\u0159\u00e1dkov\u00fd sklopn\u00fd r\u00e1mov\u00fd dr\u017e\u00e1k registra\u010dn\u00ed zna\u010dky ve form\u00e1tu 340 \u00d7 200 mm, ide\u00e1ln\u00ed pro vozidla s dvou\u0159\u00e1dkov\u00fdmi registra\u010dn\u00edmi zna\u010dkami, jako jsou u\u017eitkov\u00e1 vozidla, SUV, n\u00e1kladn\u00ed automobily nebo p\u0159\u00edv\u011bsy. Je vyroben z vysoce kvalitn\u00edho plastu odoln\u00e9ho proti pov\u011btrnostn\u00edm vliv\u016fm a UV z\u00e1\u0159en\u00ed, co\u017e umo\u017e\u0148uje dlouhodob\u00e9 pou\u017e\u00edv\u00e1n\u00ed i za prom\u011bnliv\u00fdch pov\u011btrnostn\u00edch podm\u00ednek. Chytr\u00fd syst\u00e9m sklopn\u00e9ho r\u00e1mu s bezpe\u010dn\u00fdm bajonetov\u00fdm nebo oto\u010dn\u00fdm uz\u00e1v\u011brem umo\u017e\u0148uje rychlou a snadnou v\u00fdm\u011bnu registra\u010dn\u00ed zna\u010dky, ani\u017e byste museli cokoliv vrtat nebo \u0161roubovat na samotn\u00e9 registra\u010dn\u00ed zna\u010dce. D\u00edky univerz\u00e1ln\u00edmu rastru d\u011br se dr\u017e\u00e1k p\u0159izp\u016fsob\u00ed mnoha b\u011b\u017en\u00fdm zna\u010dk\u00e1m vozidel d\u00edky odpov\u00eddaj\u00edc\u00edm mont\u00e1\u017en\u00edm bod\u016fm.<\/span><\/p>\n<p>&nbsp;<\/p>\n<p><span style=\"color: #000000;\"><strong>Detaily produktu:<\/strong><\/span><\/p>\n<ul>\n<li><span style=\"color: #000000;\">Dr\u017e\u00e1k registra\u010dn\u00ed zna\u010dky 340 \u2013 pro n\u011bmeck\u00e9 dvou\u0159\u00e1dkov\u00e9 registra\u010dn\u00ed zna\u010dky D 340 V 200 mm<\/span><\/li>\n<li><span style=\"color: #000000;\">Uz\u00e1v\u011br: Klapr\u00e1m<\/span><\/li>\n<li><span style=\"color: #000000;\">Barva: \u010dern\u00e1<\/span><\/li>\n<li><span style=\"color: #000000;\">Materi\u00e1l: Polypropylen<\/span><\/li>\n<li><span style=\"color: #000000;\">Tiskov\u00e9 varianty: nepoti\u0161t\u011bno, s\u00edtotisk, 4c digit\u00e1ln\u00ed tisk s prysky\u0159i\u010dn\u00fdm povlakem<\/span><\/li>\n<\/ul>","protected":false},"excerpt":{"rendered":"<p>Kennzeichenhalter 340 &#8211; zweizeiliger Klapprahmen f\u00fcr Kennzeichen im Format 340\u00d7200 mm f\u00fcr SUVs \/ Gel\u00e4ndewagen \/ Quads \/ LKW und Anh\u00e4nger Der Evamatic Kennzeichenhalter 340 von Evamatic ist ein robuster, zweizeiliger Klapprahmen-Kennzeichenhalter im Format 340 \u00d7 200 mm, ideal f\u00fcr Fahrzeuge mit zweizeiligen Kennzeichen wie Nutzfahrzeuge, SUVs, LKWs oder Anh\u00e4nger. Er besteht aus hochwertigem, witterungs- [&hellip;]<\/p>\n","protected":false},"featured_media":4457,"template":"","meta":{"_acf_changed":false},"product_brand":[],"product_cat":[199,203],"product_tag":[],"class_list":{"0":"post-2984","1":"product","2":"type-product","3":"status-publish","4":"has-post-thumbnail","6":"product_cat-kennzeichenhalter-eu","7":"product_cat-pkw-anhaenger-gelaendewagen-340x200-mm","8":"pa_druckvariante-unbedruckt","9":"pa_druckvariante-siebdruck-einfaerbig-weiss","10":"pa_druckvariante-siebdruck-einfaerbig-silber","11":"pa_druckvariante-4c-druck-mit-kunstharzbeschichtung","12":"pa_druckvariante-4c-druck-mit-kunstharzbeschichtung-silber-hochglanz","13":"pa_druckvariante-4c-druck-mit-kunstharzbeschichtung-reflektierend","14":"pa_druckvariante-4c-druck-mit-kunstharzbeschichtung-silber-matt","15":"pa_menge-96","16":"pa_menge-116","17":"pa_menge-118","18":"pa_menge-119","19":"pa_menge-120","20":"pa_menge-125","21":"pa_menge-95","23":"first","24":"instock","25":"taxable","26":"shipping-taxable","27":"purchasable","28":"product-type-variable"},"exclude_global_add_ons":false,"addons":[{"name":"Nahr\u00e1t tiskov\u00e1 data","type":"file_upload","position":0,"required":false,"title_format":"label","default":"","description_enable":false,"description":"Bitte laden Sie hier die Druckdatei (Bild) hoch.","placeholder_enable":false,"placeholder":"","display":"select","restrictions_type":"any_text","adjust_price":false,"price":"","price_type":"flat_fee","restrictions":false,"min":"0","max":"0","options":[],"id":1776081863},{"name":"\u00a0","type":"checkbox","position":1,"required":false,"title_format":"label","default":"","description_enable":true,"description":"P\u0159enechte design profesion\u00e1l\u016fm! Jednodu\u0161e n\u00e1m za\u0161lete sv\u00e9 po\u017eadavky, loga, texty a preferovan\u00e9 fonty e-mailem nebo prost\u0159ednictv\u00edm na\u0161\u00ed funkce pro nahr\u00e1v\u00e1n\u00ed. N\u00e1\u0161 zku\u0161en\u00fd grafick\u00fd t\u00fdm pro v\u00e1s vytvo\u0159\u00ed a\u017e 3 individu\u00e1ln\u00ed n\u00e1vrhy designu, dokonale p\u0159izp\u016fsoben\u00e9 va\u0161im po\u017eadavk\u016fm.","placeholder_enable":false,"placeholder":"","display":"select","restrictions_type":"any_text","adjust_price":false,"price":"","price_type":"flat_fee","restrictions":false,"min":"0","max":"0","options":[{"label":"Professionelle Layouterstellung durch unsere Grafikabteilung","price":"35","price_type":"flat_fee","image":0,"visibility":true}],"id":1775653837}],"acf":[],"_links":{"self":[{"href":"https:\/\/www.evamatic.com\/cs\/wp-json\/wp\/v2\/product\/2984","targetHints":{"allow":["GET"]}}],"collection":[{"href":"https:\/\/www.evamatic.com\/cs\/wp-json\/wp\/v2\/product"}],"about":[{"href":"https:\/\/www.evamatic.com\/cs\/wp-json\/wp\/v2\/types\/product"}],"wp:featuredmedia":[{"embeddable":true,"href":"https:\/\/www.evamatic.com\/cs\/wp-json\/wp\/v2\/media\/4457"}],"wp:attachment":[{"href":"https:\/\/www.evamatic.com\/cs\/wp-json\/wp\/v2\/media?parent=2984"}],"wp:term":[{"taxonomy":"product_brand","embeddable":true,"href":"https:\/\/www.evamatic.com\/cs\/wp-json\/wp\/v2\/product_brand?post=2984"},{"taxonomy":"product_cat","embeddable":true,"href":"https:\/\/www.evamatic.com\/cs\/wp-json\/wp\/v2\/product_cat?post=2984"},{"taxonomy":"product_tag","embeddable":true,"href":"https:\/\/www.evamatic.com\/cs\/wp-json\/wp\/v2\/product_tag?post=2984"}],"curies":[{"name":"wp","href":"https:\/\/api.w.org\/{rel}","templated":true}]}}