{"id":2916,"date":"2026-04-09T14:18:58","date_gmt":"2026-04-09T12:18:58","guid":{"rendered":"https:\/\/www.evamatic.at\/product\/kennzeichenhalter-pkw-eu-deutschland-520b-klapprahmen-2\/"},"modified":"2026-05-05T13:59:25","modified_gmt":"2026-05-05T11:59:25","slug":"drzak-spz-eu-nemecko-520b-sklopny-ram-2","status":"publish","type":"product","link":"https:\/\/www.evamatic.com\/cs\/product\/kennzeichenhalter-pkw-eu-deutschland-520b-klapprahmen-2\/","title":{"rendered":"Dr\u017e\u00e1k registra\u010dn\u00ed zna\u010dky voitures EU\/N\u011bmecko 520\u00d7110 mm (520B) \u2013 sklopn\u00fd r\u00e1m"},"content":{"rendered":"<p><span style=\"color: #000000;\"><strong>Dr\u017e\u00e1k esp\u00e9zetky EU\/N\u011bmecko typ 520 s v\u00fdklopn\u00fdm r\u00e1mem a oto\u010dn\u00fdm uz\u00e1v\u011brem vhodn\u00fd pro rozm\u011br esp\u00e9zetky EU 520\u00d7110 mm<\/strong><\/span><\/p>\n<p><span style=\"color: #000000;\">Dr\u017eiak \u0160PZ Evamatic TYPE 520 s klopn\u00fdm r\u00e1mom je r\u00e1m pre E\u00da eviden\u010dn\u00e9 \u010d\u00edsla (520 \u00d7 110 mm) s vykl\u00e1pac\u00edm r\u00e1mom a bajonetov\u00fdm uz\u00e1verom pre \u013eahk\u00fa v\u00fdmenu eviden\u010dn\u00fdch \u010d\u00edsel. Nap\u00ednacie pru\u017einy zni\u017euj\u00fa klepanie a \u00fazky dizajn neprek\u00e1\u017ea parkovac\u00edm senzorom \u2013 ide\u00e1lne pre individu\u00e1lnu reklamu a profesion\u00e1lnu prezent\u00e1ciu vozidla.<\/span><\/p>\n<p>&nbsp;<\/p>\n<p><span style=\"color: #000000;\"><strong>Detaily produktu:<\/strong><\/span><\/p>\n<ul>\n<li><span style=\"color: #000000;\">Uz\u00e1v\u011br: Klapr\u00e1m<\/span><\/li>\n<li><span style=\"color: #000000;\">Barva: \u010dern\u00e1<\/span><\/li>\n<li><span style=\"color: #000000;\">Materi\u00e1l: Polypropylen<\/span><\/li>\n<li><span style=\"color: #000000;\">Tiskov\u00e9 varianty: nepotiskov\u00e1no, s\u00edtotisk, 4c digit\u00e1ln\u00ed tisk polomatn\u00fd, 4c digit\u00e1ln\u00ed tisk s plastov\u00fdm povlakem<\/span><\/li>\n<\/ul>","protected":false},"excerpt":{"rendered":"<p>test<\/p>","protected":false},"featured_media":4458,"template":"","meta":{"_acf_changed":false},"product_brand":[],"product_cat":[199,202],"product_tag":[],"class_list":{"0":"post-2916","1":"product","2":"type-product","3":"status-publish","4":"has-post-thumbnail","6":"product_cat-kennzeichenhalter-eu","7":"product_cat-pkw-lkw-520x110","8":"pa_druckvariante-unbedruckt","9":"pa_druckvariante-siebdruck-einfaerbig-weiss","10":"pa_druckvariante-siebdruck-einfaerbig-silber","11":"pa_druckvariante-4c-druck-seidenmatt","12":"pa_druckvariante-4c-druck-mit-kunstharzbeschichtung","13":"pa_druckvariante-4c-druck-mit-kunstharzbeschichtung-silber-hochglanz","14":"pa_druckvariante-4c-druck-mit-kunstharzbeschichtung-reflektierend","15":"pa_druckvariante-4c-druck-mit-kunstharzbeschichtung-silber-matt","16":"pa_menge-96","17":"pa_menge-108","18":"pa_menge-109","19":"pa_menge-110","20":"pa_menge-111","21":"pa_menge-112","22":"pa_menge-119","23":"pa_menge-93","24":"pa_menge-94","25":"pa_menge-95","27":"first","28":"instock","29":"taxable","30":"shipping-taxable","31":"purchasable","32":"product-type-variable"},"exclude_global_add_ons":false,"addons":[{"name":"Nahr\u00e1t tiskov\u00e1 data","type":"file_upload","position":0,"required":false,"title_format":"label","default":"","description_enable":false,"description":"Bitte laden Sie hier die Druckdatei (Bild) hoch.","placeholder_enable":false,"placeholder":"","display":"select","restrictions_type":"any_text","adjust_price":false,"price":"","price_type":"flat_fee","restrictions":false,"min":"0","max":"0","options":[],"id":1776081863},{"name":"\u00a0","type":"checkbox","position":1,"required":false,"title_format":"label","default":"","description_enable":true,"description":"P\u0159enechte design profesion\u00e1l\u016fm! Jednodu\u0161e n\u00e1m za\u0161lete sv\u00e9 po\u017eadavky, loga, texty a preferovan\u00e9 fonty e-mailem nebo prost\u0159ednictv\u00edm na\u0161\u00ed funkce pro nahr\u00e1v\u00e1n\u00ed. N\u00e1\u0161 zku\u0161en\u00fd grafick\u00fd t\u00fdm pro v\u00e1s vytvo\u0159\u00ed a\u017e 3 individu\u00e1ln\u00ed n\u00e1vrhy designu, dokonale p\u0159izp\u016fsoben\u00e9 va\u0161im po\u017eadavk\u016fm.","placeholder_enable":false,"placeholder":"","display":"select","restrictions_type":"any_text","adjust_price":false,"price":"","price_type":"flat_fee","restrictions":false,"min":"0","max":"0","options":[{"label":"Professionelle Layouterstellung durch unsere Grafikabteilung","price":"35","price_type":"flat_fee","image":0,"visibility":true}],"id":1775653837}],"acf":[],"_links":{"self":[{"href":"https:\/\/www.evamatic.com\/cs\/wp-json\/wp\/v2\/product\/2916","targetHints":{"allow":["GET"]}}],"collection":[{"href":"https:\/\/www.evamatic.com\/cs\/wp-json\/wp\/v2\/product"}],"about":[{"href":"https:\/\/www.evamatic.com\/cs\/wp-json\/wp\/v2\/types\/product"}],"wp:featuredmedia":[{"embeddable":true,"href":"https:\/\/www.evamatic.com\/cs\/wp-json\/wp\/v2\/media\/4458"}],"wp:attachment":[{"href":"https:\/\/www.evamatic.com\/cs\/wp-json\/wp\/v2\/media?parent=2916"}],"wp:term":[{"taxonomy":"product_brand","embeddable":true,"href":"https:\/\/www.evamatic.com\/cs\/wp-json\/wp\/v2\/product_brand?post=2916"},{"taxonomy":"product_cat","embeddable":true,"href":"https:\/\/www.evamatic.com\/cs\/wp-json\/wp\/v2\/product_cat?post=2916"},{"taxonomy":"product_tag","embeddable":true,"href":"https:\/\/www.evamatic.com\/cs\/wp-json\/wp\/v2\/product_tag?post=2916"}],"curies":[{"name":"wp","href":"https:\/\/api.w.org\/{rel}","templated":true}]}}