{"id":2859,"date":"2026-04-09T14:18:55","date_gmt":"2026-04-09T12:18:55","guid":{"rendered":"https:\/\/www.evamatic.at\/product\/kennzeichenhalter-pkw-eu-deutschland-526eu-schiebeverschluss-2\/"},"modified":"2026-05-05T14:00:04","modified_gmt":"2026-05-05T12:00:04","slug":"drzak-registracni-znacky-osobni-automobil-eu-nemecko-526eu-posuvny-zamek-2","status":"publish","type":"product","link":"https:\/\/www.evamatic.com\/cs\/product\/kennzeichenhalter-pkw-eu-deutschland-526eu-schiebeverschluss-2\/","title":{"rendered":"Dr\u017e\u00e1k registra\u010dn\u00ed zna\u010dky osobn\u00edho automobilu EU\/N\u011bmecko 520\u00d7110 mm (526EU) \u2013 posuvn\u00fd uz\u00e1v\u011br"},"content":{"rendered":"<p><span style=\"color: #000000;\"><strong>Dr\u017e\u00e1k SPZ pro osobn\u00ed automobily EU\/N\u011bmecko 526EU s posuvn\u00fdm z\u00e1mkem pasuje na rozm\u011br SPZ EU 520\u00d7110 mm.<\/strong><\/span><\/p>\n<p><span style=\"color: #000000;\">Dr\u017e\u00e1k registra\u010dn\u00edch zna\u010dek Evamatic 526EU s posuvn\u00fdm uzamykac\u00edm syst\u00e9mem nab\u00edz\u00ed bezpe\u010dn\u00e9, rychl\u00e9 a pohodln\u00e9 \u0159e\u0161en\u00ed pro mont\u00e1\u017e EU registra\u010dn\u00edch zna\u010dek (520 \u00d7 110 mm). D\u00edky inovativn\u00edmu posuvn\u00e9mu uz\u00e1v\u011bru lze registra\u010dn\u00ed zna\u010dky snadno vlo\u017eit. Dr\u017e\u00e1k registra\u010dn\u00edch zna\u010dek je vyroben z pru\u017en\u00e9ho, t\u00e9m\u011b\u0159 nerozbitn\u00e9ho materi\u00e1lu (polypropylen) a p\u0159izp\u016fsob\u00ed se obrysu vozidla bez zp\u016fsoben\u00ed cvakav\u00fdch zvuk\u016f. Jsou vhodn\u00e9 pro osobn\u00ed i n\u00e1kladn\u00ed automobily a d\u00edky decentn\u00edmu designu se za\u010dlen\u00ed do obrazu vozidla. Dr\u017e\u00e1k registra\u010dn\u00edch zna\u010dek 526EU je <strong>Testov\u00e1no podle T\u00dcV, spl\u0148uje v\u0161echny platn\u00e9 normy EU a odpov\u00edd\u00e1 aktu\u00e1ln\u00edm legislativn\u00edm p\u0159edpis\u016fm.<\/strong> Zaoblen\u00e9 vn\u011bj\u0161\u00ed hrany s <strong>Minim\u00e1ln\u00ed polom\u011br 2,5 mm<\/strong> zaji\u0161\u0165uje maxim\u00e1ln\u00ed bezpe\u010dnost a umo\u017e\u0148uje bezprobl\u00e9mov\u00e9 pou\u017eit\u00ed dr\u017e\u00e1ku registra\u010dn\u00ed zna\u010dky v silni\u010dn\u00edm provozu. D\u00edky individu\u00e1ln\u00edm tiskov\u00fdm variant\u00e1m s logem nebo reklamn\u00edm sd\u011blen\u00edm se dr\u017e\u00e1k registra\u010dn\u00ed zna\u010dky st\u00e1v\u00e1 trval\u00fdm a poutav\u00fdm reklamn\u00edm nosi\u010dem \u2013 dokonale vhodn\u00fd pro autosalony, servisy, vozov\u00e9 parky, poji\u0161\u0165ovac\u00ed kancel\u00e1\u0159e nebo spolky.<\/span><\/p>\n<p>&nbsp;<\/p>\n<p><span style=\"color: #000000;\"><strong>Detaily produktu:<\/strong><\/span><\/p>\n<ul>\n<li><span style=\"color: #000000;\">Zav\u00edr\u00e1n\u00ed: posuvn\u00fd uz\u00e1v\u011br<\/span><\/li>\n<li><span style=\"color: #000000;\">Barva: \u010dern\u00e1<\/span><\/li>\n<li><span style=\"color: #000000;\">Materi\u00e1l: Polypropylen<\/span><\/li>\n<li><span style=\"color: #000000;\">Tiskov\u00e9 varianty: nepotiskov\u00e1no, s\u00edtotisk, 4c digit\u00e1ln\u00ed tisk polomatn\u00fd, 4c digit\u00e1ln\u00ed tisk s plastov\u00fdm povlakem<\/span>\n<ul>\n<li><strong><span style=\"color: #000000;\">U v\u0161ech 4c digit\u00e1ln\u00edch tisk\u016f je potisk um\u00edst\u011bn ve vlisovan\u00e9m prostoru dr\u017e\u00e1ku registra\u010dn\u00ed zna\u010dky a je tak spolehliv\u011b chr\u00e1n\u011bn p\u0159ed po\u0161kr\u00e1b\u00e1n\u00edm, vlivy po\u010das\u00ed a mechanick\u00fdm nam\u00e1h\u00e1n\u00edm \u2013 pro trvale kvalitn\u00ed prezentaci zna\u010dky.<\/span><\/strong><\/li>\n<\/ul>\n<\/li>\n<\/ul>","protected":false},"excerpt":{"rendered":"<p>Kennzeichenhalter PKW EU\/Deutschland 526EU mit Schiebeverschluss passen f\u00fcr EU-Kennzeichengr\u00f6\u00dfe 520&#215;110 mm. Der Evamatic Kennzeichenhalter 526EU mit Schiebeverschluss System bieten eine sichere, schnelle und komfortable L\u00f6sung zur Montage von EU Kennzeichen (520 \u00d7 110 mm). Dank innovativem Schiebeverschluss lassen sich Kennzeichen m\u00fchelos einlegen. Der Kennzeichenhalter ist aus flexiblem, nahezu bruchfestem Material (Polypropylen) gefertigt und passt sich [&hellip;]<\/p>\n","protected":false},"featured_media":4642,"template":"","meta":{"_acf_changed":false},"product_brand":[],"product_cat":[199,202],"product_tag":[],"class_list":{"0":"post-2859","1":"product","2":"type-product","3":"status-publish","4":"has-post-thumbnail","6":"product_cat-kennzeichenhalter-eu","7":"product_cat-pkw-lkw-520x110","8":"pa_druckvariante-4c-druck-mit-kunstharzbeschichtung-reflektierend","9":"pa_druckvariante-4c-druck-mit-kunstharzbeschichtung-silber-matt","10":"pa_druckvariante-unbedruckt","11":"pa_druckvariante-siebdruck-einfaerbig-weiss","12":"pa_druckvariante-siebdruck-einfaerbig-silber","13":"pa_druckvariante-4c-druck-seidenmatt","14":"pa_druckvariante-4c-druck-mit-kunstharzbeschichtung","15":"pa_druckvariante-4c-druck-mit-kunstharzbeschichtung-silber-hochglanz","16":"pa_menge-101","17":"pa_menge-126","18":"pa_menge-93","19":"pa_menge-94","20":"pa_menge-95","21":"pa_menge-96","22":"pa_menge-97","23":"pa_menge-98","24":"pa_menge-99","25":"pa_menge-100","27":"first","28":"instock","29":"taxable","30":"shipping-taxable","31":"purchasable","32":"product-type-variable"},"exclude_global_add_ons":false,"addons":[{"name":"Nahr\u00e1t tiskov\u00e1 data","type":"file_upload","position":0,"required":false,"title_format":"label","default":"","description_enable":false,"description":"Bitte laden Sie hier die Druckdatei (Bild) hoch.","placeholder_enable":false,"placeholder":"","display":"select","restrictions_type":"any_text","adjust_price":false,"price":"","price_type":"flat_fee","restrictions":false,"min":"0","max":"0","options":[],"id":1776081863},{"name":"\u00a0","type":"checkbox","position":1,"required":false,"title_format":"label","default":"","description_enable":true,"description":"P\u0159enechte design profesion\u00e1l\u016fm! Jednodu\u0161e n\u00e1m za\u0161lete sv\u00e9 po\u017eadavky, loga, texty a preferovan\u00e9 fonty e-mailem nebo prost\u0159ednictv\u00edm na\u0161\u00ed funkce pro nahr\u00e1v\u00e1n\u00ed. N\u00e1\u0161 zku\u0161en\u00fd grafick\u00fd t\u00fdm pro v\u00e1s vytvo\u0159\u00ed a\u017e 3 individu\u00e1ln\u00ed n\u00e1vrhy designu, dokonale p\u0159izp\u016fsoben\u00e9 va\u0161im po\u017eadavk\u016fm.","placeholder_enable":false,"placeholder":"","display":"select","restrictions_type":"any_text","adjust_price":false,"price":"","price_type":"flat_fee","restrictions":false,"min":"0","max":"0","options":[{"label":"Professionelle Layouterstellung durch unsere Grafikabteilung","price":"35","price_type":"flat_fee","image":0,"visibility":true}],"id":1775653837}],"acf":[],"_links":{"self":[{"href":"https:\/\/www.evamatic.com\/cs\/wp-json\/wp\/v2\/product\/2859","targetHints":{"allow":["GET"]}}],"collection":[{"href":"https:\/\/www.evamatic.com\/cs\/wp-json\/wp\/v2\/product"}],"about":[{"href":"https:\/\/www.evamatic.com\/cs\/wp-json\/wp\/v2\/types\/product"}],"wp:featuredmedia":[{"embeddable":true,"href":"https:\/\/www.evamatic.com\/cs\/wp-json\/wp\/v2\/media\/4642"}],"wp:attachment":[{"href":"https:\/\/www.evamatic.com\/cs\/wp-json\/wp\/v2\/media?parent=2859"}],"wp:term":[{"taxonomy":"product_brand","embeddable":true,"href":"https:\/\/www.evamatic.com\/cs\/wp-json\/wp\/v2\/product_brand?post=2859"},{"taxonomy":"product_cat","embeddable":true,"href":"https:\/\/www.evamatic.com\/cs\/wp-json\/wp\/v2\/product_cat?post=2859"},{"taxonomy":"product_tag","embeddable":true,"href":"https:\/\/www.evamatic.com\/cs\/wp-json\/wp\/v2\/product_tag?post=2859"}],"curies":[{"name":"wp","href":"https:\/\/api.w.org\/{rel}","templated":true}]}}