{"id":2818,"date":"2026-04-09T14:18:54","date_gmt":"2026-04-09T12:18:54","guid":{"rendered":"https:\/\/www.evamatic.at\/product\/kennzeichenhalter-motorrad-oesterreich-drehverschluss-2\/"},"modified":"2026-04-30T14:23:44","modified_gmt":"2026-04-30T12:23:44","slug":"drziak-spz-motocykel-rakusko-otocny-uzaver-2","status":"publish","type":"product","link":"https:\/\/www.evamatic.com\/cs\/product\/kennzeichenhalter-motorrad-oesterreich-drehverschluss-2\/","title":{"rendered":"Dr\u017e\u00e1k registra\u010dn\u00ed zna\u010dky motocyklu Rakousko \u2013 oto\u010dn\u00fd uz\u00e1v\u011br"},"content":{"rendered":"<p><span style=\"color: #000000;\"><strong>Dr\u017e\u00e1k registra\u010dn\u00ed zna\u010dky motocyklu Rakousko typ 210 vhodn\u00fd pro motocyklov\u00e9 pozn\u00e1vac\u00ed zna\u010dky Rakousko 210\u00d7170 mm.<\/strong><\/span><\/p>\n<p><span style=\"color: #000000;\">Dr\u017e\u00e1k registra\u010dn\u00edch zna\u010dek Evamatic typ 210 je speci\u00e1ln\u011b navr\u017een pro rakousk\u00e9 motocyklov\u00e9 registra\u010dn\u00ed zna\u010dky a nab\u00edz\u00ed bezpe\u010dn\u00e9, stabiln\u00ed a z\u00e1rove\u0148 flexibiln\u00ed \u0159e\u0161en\u00ed upevn\u011bn\u00ed. Integrovan\u00fd oto\u010dn\u00fd uz\u00e1v\u011br umo\u017e\u0148uje snadn\u00e9 vlo\u017een\u00ed a zaji\u0161t\u011bn\u00ed pozn\u00e1vac\u00ed zna\u010dky. Potisknuteln\u00e1 reklamn\u00ed li\u0161ta (210 \u00d7 28 mm) poskytuje dostatek prostoru pro loga, slogany nebo reklamn\u00ed sd\u011blen\u00ed a \u010din\u00ed z dr\u017e\u00e1ku atraktivn\u00ed nosi\u010d reklamy.<\/span><\/p>\n<p><span style=\"color: #000000;\">Dr\u017e\u00e1k registra\u010dn\u00ed zna\u010dky je ide\u00e1ln\u00ed pro autosalony, d\u00edlny, motocyklov\u00e9 servisy, kluby nebo propaga\u010dn\u00ed akce.<\/span><\/p>\n<p><span style=\"color: #000000;\"><strong>Detaily produktu:<\/strong><\/span><\/p>\n<ul>\n<li><span style=\"color: #000000;\">Dr\u017e\u00e1k SPZ 210 \u2013 pro rakousk\u00e9 motocyklov\u00e9 SPZ L 210 V 170 mm<\/span><\/li>\n<li><span style=\"color: #000000;\">Uz\u00e1v\u011br: \u0161roubovac\u00ed<\/span><\/li>\n<li><span style=\"color: #000000;\">Barva: \u010dern\u00e1<\/span><\/li>\n<li><span style=\"color: #000000;\">Materi\u00e1l: Polypropylen<\/span><\/li>\n<li><span style=\"color: #000000;\">Tiskov\u00e9 varianty: nepoti\u0161t\u011bno, s\u00edtotisk, 4c digit\u00e1ln\u00ed tisk s prysky\u0159i\u010dn\u00fdm povlakem<\/span><\/li>\n<\/ul>","protected":false},"excerpt":{"rendered":"<p>Kennzeichenhalter Motorrad \u00d6sterreich Type 210 passend f\u00fcr Motorradkennzeichen \u00d6sterreich 210&#215;170 mm. Der Evamatic Kennzeichenhalter Type 210 ist speziell f\u00fcr \u00f6sterreichische Motorradkennzeichen konzipiert und bietet eine sichere, stabile und zugleich flexible Befestigungsl\u00f6sung. Der integrierte Drehverschluss erm\u00f6glicht ein einfaches Einlegen und Fixieren des Kennzeichens. Die bedruckbare Werbeleiste (210 \u00d7 28 mm) bietet ausreichend Platz f\u00fcr Logos, Slogans [&hellip;]<\/p>\n","protected":false},"featured_media":913,"template":"","meta":{"_acf_changed":false},"product_brand":[],"product_cat":[200,207],"product_tag":[],"class_list":{"0":"post-2818","1":"product","2":"type-product","3":"status-publish","4":"has-post-thumbnail","6":"product_cat-kennzeichenhalter-oesterreich-slowenien","7":"product_cat-motorrad-210x170-mm","8":"pa_druckvariante-4c-druck-mit-kunstharzbeschichtung-reflektierend","9":"pa_druckvariante-4c-druck-mit-kunstharzbeschichtung-silber-matt","10":"pa_druckvariante-unbedruckt","11":"pa_druckvariante-siebdruck-einfaerbig-weiss","12":"pa_druckvariante-siebdruck-einfaerbig-silber","13":"pa_druckvariante-4c-druck-mit-kunstharzbeschichtung","14":"pa_druckvariante-4c-druck-mit-kunstharzbeschichtung-silber-hochglanz","15":"pa_menge-95","16":"pa_menge-96","17":"pa_menge-116","18":"pa_menge-118","19":"pa_menge-120","21":"first","22":"instock","23":"taxable","24":"shipping-taxable","25":"purchasable","26":"product-type-variable"},"exclude_global_add_ons":false,"addons":[{"name":"Nahr\u00e1t tiskov\u00e1 data","type":"file_upload","position":0,"required":false,"title_format":"label","default":"","description_enable":false,"description":"Bitte laden Sie hier die Druckdatei (Bild) hoch.","placeholder_enable":false,"placeholder":"","display":"select","restrictions_type":"any_text","adjust_price":false,"price":"","price_type":"flat_fee","restrictions":false,"min":"0","max":"0","options":[],"id":1776081863},{"name":"\u00a0","type":"checkbox","position":1,"required":false,"title_format":"label","default":"","description_enable":true,"description":"P\u0159enechte design profesion\u00e1l\u016fm! Jednodu\u0161e n\u00e1m za\u0161lete sv\u00e9 po\u017eadavky, loga, texty a preferovan\u00e9 fonty e-mailem nebo prost\u0159ednictv\u00edm na\u0161\u00ed funkce pro nahr\u00e1v\u00e1n\u00ed. N\u00e1\u0161 zku\u0161en\u00fd grafick\u00fd t\u00fdm pro v\u00e1s vytvo\u0159\u00ed a\u017e 3 individu\u00e1ln\u00ed n\u00e1vrhy designu, dokonale p\u0159izp\u016fsoben\u00e9 va\u0161im po\u017eadavk\u016fm.","placeholder_enable":false,"placeholder":"","display":"select","restrictions_type":"any_text","adjust_price":false,"price":"","price_type":"flat_fee","restrictions":false,"min":"0","max":"0","options":[{"label":"Professionelle Layouterstellung durch unsere Grafikabteilung","price":"35","price_type":"flat_fee","image":0,"visibility":true}],"id":1775653837}],"acf":[],"_links":{"self":[{"href":"https:\/\/www.evamatic.com\/cs\/wp-json\/wp\/v2\/product\/2818","targetHints":{"allow":["GET"]}}],"collection":[{"href":"https:\/\/www.evamatic.com\/cs\/wp-json\/wp\/v2\/product"}],"about":[{"href":"https:\/\/www.evamatic.com\/cs\/wp-json\/wp\/v2\/types\/product"}],"wp:featuredmedia":[{"embeddable":true,"href":"https:\/\/www.evamatic.com\/cs\/wp-json\/wp\/v2\/media\/913"}],"wp:attachment":[{"href":"https:\/\/www.evamatic.com\/cs\/wp-json\/wp\/v2\/media?parent=2818"}],"wp:term":[{"taxonomy":"product_brand","embeddable":true,"href":"https:\/\/www.evamatic.com\/cs\/wp-json\/wp\/v2\/product_brand?post=2818"},{"taxonomy":"product_cat","embeddable":true,"href":"https:\/\/www.evamatic.com\/cs\/wp-json\/wp\/v2\/product_cat?post=2818"},{"taxonomy":"product_tag","embeddable":true,"href":"https:\/\/www.evamatic.com\/cs\/wp-json\/wp\/v2\/product_tag?post=2818"}],"curies":[{"name":"wp","href":"https:\/\/api.w.org\/{rel}","templated":true}]}}