{"id":2803,"date":"2026-04-09T14:18:53","date_gmt":"2026-04-09T12:18:53","guid":{"rendered":"https:\/\/www.evamatic.at\/product\/kennzeichenhalter-traktor-gelaendewagen-oesterreich-2-zeilig-drehverschluss-2\/"},"modified":"2026-05-05T14:00:53","modified_gmt":"2026-05-05T12:00:53","slug":"drzak-registracni-znacky-traktor-terenni-vozidlo-rakousko-2radkovy-otocny-uzaver","status":"publish","type":"product","link":"https:\/\/www.evamatic.com\/cs\/product\/kennzeichenhalter-traktor-gelaendewagen-oesterreich-2-zeilig-drehverschluss-2\/","title":{"rendered":"Dr\u017e\u00e1k registra\u010dn\u00ed zna\u010dky traktor \/ ter\u00e9nn\u00ed vozidlo Rakousko 300\u00d7200 mm (300 2\u0159\u00e1dkov\u00fd) \u2013 oto\u010dn\u00fd uz\u00e1v\u011br"},"content":{"rendered":"<p><strong>Dr\u017e\u00e1k registra\u010dn\u00ed zna\u010dky pro traktor \/ ter\u00e9nn\u00ed vozidlo Rakousko typ 300 2\u0159\u00e1dkov\u00fd, vhodn\u00fd pro velikost zna\u010dky 300\u00d7200 mm.<\/strong><\/p>\n<p>Dr\u017eiak eviden\u010dn\u00fdch \u010d\u00edsel Evamatic typ 300 v rozmere dosky 300 \u00d7 200 mm je \u0161peci\u00e1lne navrhnut\u00fd pre pou\u017eitie na traktoroch, ter\u00e9nnych vozidl\u00e1ch a \u0161peci\u00e1lnych vozidl\u00e1ch. Poskytuje stabiln\u00e9 a spo\u013eahliv\u00e9 upevnenie aj v n\u00e1ro\u010dn\u00fdch prev\u00e1dzkov\u00fdch podmienkach.<\/p>\n<p>Mechanismus oto\u010dn\u00e9ho uz\u00e1v\u011bru umo\u017e\u0148uje bezpe\u010dn\u00e9 upevn\u011bn\u00ed registra\u010dn\u00ed zna\u010dky p\u0159i z\u00e1rove\u0148 jednoduch\u00e9 manipulaci. Velmi pru\u017en\u00fd materi\u00e1l se optim\u00e1ln\u011b p\u0159izp\u016fsob\u00ed obrysu vozidla a zaji\u0161\u0165uje flexibiln\u00ed a dlouhodob\u00e9 pou\u017e\u00edv\u00e1n\u00ed. Integrovan\u00e9 nap\u00ednac\u00ed pru\u017einy \u00fa\u010dinn\u011b zabra\u0148uj\u00ed drn\u010den\u00ed a t\u0159en\u00ed, a to i p\u0159i siln\u00fdch vibrac\u00edch nebo nerovn\u00e9m ter\u00e9nu.<\/p>\n<p>D\u00edky jednoduch\u00e9 mont\u00e1\u017ei je dr\u017e\u00e1k registra\u010dn\u00ed zna\u010dky rychle p\u0159ipraven k pou\u017eit\u00ed a ide\u00e1ln\u011b se hod\u00ed pro zem\u011bd\u011blsk\u00e9 stroje, offroadov\u00e9 nasazen\u00ed a u\u017eitkov\u00e1 vozidla.<\/p>\n<p>&nbsp;<\/p>\n<p><strong>Detaily produktu:<\/strong><\/p>\n<ul>\n<li>Dr\u017e\u00e1k SPZ 300 \u2013 pro rakousk\u00e9 traktory, ter\u00e9nn\u00ed vozidla SPZ L 300 V 200 mm<\/li>\n<li>Uz\u00e1v\u011br: \u0161roubovac\u00ed<\/li>\n<li>Barva: \u010dern\u00e1<\/li>\n<li>Materi\u00e1l: Polypropylen<\/li>\n<li>Tiskov\u00e9 varianty: nepoti\u0161t\u011bno, s\u00edtotisk, 4c digit\u00e1ln\u00ed tisk s prysky\u0159i\u010dn\u00fdm povlakem<\/li>\n<\/ul>","protected":false},"excerpt":{"rendered":"<p>Kennzeichenhalter Traktor \/ Gel\u00e4ndewagen \u00d6sterreich Type 300 2 zeilig passend f\u00fcr Kennzeichengr\u00f6\u00dfe 300&#215;200 mm. Der Evamatic Kennzeichenhalter Type 300 im Platinenma\u00df 300 \u00d7 200 mm ist speziell f\u00fcr den Einsatz an Traktoren, Gel\u00e4ndewagen und Sonderfahrzeugen konzipiert. Er bietet eine stabile und zuverl\u00e4ssige Befestigung auch unter anspruchsvollen Einsatzbedingungen. Der Drehverschluss-Mechanismus erm\u00f6glicht ein sicheres Fixieren des Kennzeichens [&hellip;]<\/p>\n","protected":false},"featured_media":4459,"template":"","meta":{"_acf_changed":false},"product_brand":[],"product_cat":[200,206],"product_tag":[],"class_list":{"0":"post-2803","1":"product","2":"type-product","3":"status-publish","4":"has-post-thumbnail","6":"product_cat-kennzeichenhalter-oesterreich-slowenien","7":"product_cat-traktor-gelaendewagen-300x200-mm","8":"pa_druckvariante-siebdruck-einfaerbig-weiss","9":"pa_druckvariante-siebdruck-einfaerbig-silber","10":"pa_druckvariante-4c-druck-mit-kunstharzbeschichtung","11":"pa_druckvariante-4c-druck-mit-kunstharzbeschichtung-silber-hochglanz","12":"pa_druckvariante-4c-druck-mit-kunstharzbeschichtung-reflektierend","13":"pa_druckvariante-4c-druck-mit-kunstharzbeschichtung-silber-matt","14":"pa_druckvariante-unbedruckt","15":"pa_menge-95","16":"pa_menge-96","17":"pa_menge-116","18":"pa_menge-118","19":"pa_menge-120","21":"first","22":"instock","23":"taxable","24":"shipping-taxable","25":"purchasable","26":"product-type-variable"},"exclude_global_add_ons":false,"addons":[{"name":"Nahr\u00e1t tiskov\u00e1 data","type":"file_upload","position":0,"required":false,"title_format":"label","default":"","description_enable":false,"description":"Bitte laden Sie hier die Druckdatei (Bild) hoch.","placeholder_enable":false,"placeholder":"","display":"select","restrictions_type":"any_text","adjust_price":false,"price":"","price_type":"flat_fee","restrictions":false,"min":"0","max":"0","options":[],"id":1776081863},{"name":"\u00a0","type":"checkbox","position":1,"required":false,"title_format":"label","default":"","description_enable":true,"description":"P\u0159enechte design profesion\u00e1l\u016fm! Jednodu\u0161e n\u00e1m za\u0161lete sv\u00e9 po\u017eadavky, loga, texty a preferovan\u00e9 fonty e-mailem nebo prost\u0159ednictv\u00edm na\u0161\u00ed funkce pro nahr\u00e1v\u00e1n\u00ed. N\u00e1\u0161 zku\u0161en\u00fd grafick\u00fd t\u00fdm pro v\u00e1s vytvo\u0159\u00ed a\u017e 3 individu\u00e1ln\u00ed n\u00e1vrhy designu, dokonale p\u0159izp\u016fsoben\u00e9 va\u0161im po\u017eadavk\u016fm.","placeholder_enable":false,"placeholder":"","display":"select","restrictions_type":"any_text","adjust_price":false,"price":"","price_type":"flat_fee","restrictions":false,"min":"0","max":"0","options":[{"label":"Professionelle Layouterstellung durch unsere Grafikabteilung","price":"35","price_type":"flat_fee","image":0,"visibility":true}],"id":1775653837}],"acf":[],"_links":{"self":[{"href":"https:\/\/www.evamatic.com\/cs\/wp-json\/wp\/v2\/product\/2803","targetHints":{"allow":["GET"]}}],"collection":[{"href":"https:\/\/www.evamatic.com\/cs\/wp-json\/wp\/v2\/product"}],"about":[{"href":"https:\/\/www.evamatic.com\/cs\/wp-json\/wp\/v2\/types\/product"}],"wp:featuredmedia":[{"embeddable":true,"href":"https:\/\/www.evamatic.com\/cs\/wp-json\/wp\/v2\/media\/4459"}],"wp:attachment":[{"href":"https:\/\/www.evamatic.com\/cs\/wp-json\/wp\/v2\/media?parent=2803"}],"wp:term":[{"taxonomy":"product_brand","embeddable":true,"href":"https:\/\/www.evamatic.com\/cs\/wp-json\/wp\/v2\/product_brand?post=2803"},{"taxonomy":"product_cat","embeddable":true,"href":"https:\/\/www.evamatic.com\/cs\/wp-json\/wp\/v2\/product_cat?post=2803"},{"taxonomy":"product_tag","embeddable":true,"href":"https:\/\/www.evamatic.com\/cs\/wp-json\/wp\/v2\/product_tag?post=2803"}],"curies":[{"name":"wp","href":"https:\/\/api.w.org\/{rel}","templated":true}]}}