{"id":2757,"date":"2026-04-09T14:18:51","date_gmt":"2026-04-09T12:18:51","guid":{"rendered":"https:\/\/www.evamatic.at\/product\/kennzeichenhalter-pkw-oesterreich-525csb-chrom-klapprahmen-2\/"},"modified":"2026-05-05T14:01:20","modified_gmt":"2026-05-05T12:01:20","slug":"drzak-registracni-znacky-osobni-auto-rakousko-525csb-chrom-sklopny-ram-2","status":"publish","type":"product","link":"https:\/\/www.evamatic.com\/cs\/product\/kennzeichenhalter-pkw-oesterreich-525csb-chrom-klapprahmen-2\/","title":{"rendered":"Dr\u017e\u00e1k RZ osobn\u00edho automobilu Rakousko a Slovinsko 520\u00d7120 mm (525CSB CHROM) \u2013 Klopn\u00fd r\u00e1m"},"content":{"rendered":"<p><span style=\"color: #000000;\"><strong>Dr\u017e\u00e1k registra\u010dn\u00ed zna\u010dky Rakousko a Slovinsko typ 525CSB s chromovan\u00fdm oto\u010dn\u00fdm r\u00e1mem, vhodn\u00fd pro registra\u010dn\u00ed zna\u010dku velikosti 520\u00d7120 mm.<\/strong><\/span><\/p>\n<p><span style=\"color: #000000;\">Dr\u017eiak \u0160PZ Evamatic 525CSB kombinuje pr\u00e9miov\u00fd vzh\u013ead a vysok\u00fa funk\u010dnos\u0165 \u2013 ide\u00e1lny pre v\u0161etk\u00fdch, ktor\u00ed si potrpia na elegantn\u00fd vzh\u013ead svojho vozidla. Dr\u017eiak je \u0161peci\u00e1lne navrhnut\u00fd pre rak\u00faske a slovinsk\u00e9 \u0160PZ (520 \u00d7 120 mm) a v\u010faka svojmu premyslen\u00e9mu dizajnu u\u013eah\u010duje bezpe\u010dn\u00e9 vkladanie a upevnenie tabule.<\/span><\/p>\n<p><span style=\"color: #000000;\">Vysoce kvalitn\u00ed chromovan\u00fd povrch dod\u00e1v\u00e1 dr\u017e\u00e1ku registra\u010dn\u00ed zna\u010dky u\u0161lechtil\u00fd vzhled, kter\u00fd vynikne zejm\u00e9na u modern\u00edch vozidel a exkluzivn\u00edch model\u016f. Zes\u00edlen\u00fd dr\u017e\u00e1k z robustn\u00edho, t\u00e9m\u011b\u0159 nerozbitn\u00e9ho materi\u00e1lu z\u00e1rove\u0148 zaji\u0161\u0165uje, \u017ee registra\u010dn\u00ed zna\u010dka sed\u00ed na vozidle bezpe\u010dn\u011b a bez vibrac\u00ed \u2013 bez klep\u00e1n\u00ed.<\/span><\/p>\n<p><span style=\"color: #000000;\">Dr\u017e\u00e1k registra\u010dn\u00ed zna\u010dky 525CSB je vhodn\u00fd pro osobn\u00ed a n\u00e1kladn\u00ed automobily a harmonicky zapad\u00e1 do vzhledu ka\u017ed\u00e9ho vozidla \u2013 decentn\u011b a z\u00e1rove\u0148 kvalitn\u011b.<\/span><br \/>\n<span style=\"color: #000000;\">Tento dr\u017e\u00e1k je <strong>T\u00dcV - ov\u011b\u0159eno funk\u010dn\u00ed vlastnosti<\/strong>, odpov\u00edd\u00e1 <strong>v souladu se v\u0161emi relevantn\u00edmi normami EU a spl\u0148uje sou\u010dasn\u00e9 pr\u00e1vn\u00ed p\u0159edpisy.<\/strong> Die <strong>zaoblen\u00e9 vn\u011bj\u0161\u00ed hrany s minim\u00e1ln\u00edm polom\u011brem 2,5 mm zaji\u0161\u0165uj\u00ed maxim\u00e1ln\u00ed bezpe\u010dnost a silni\u010dn\u00ed schv\u00e1len\u00ed.<\/strong><\/span><\/p>\n<p><span style=\"color: #000000;\">D\u00edky individu\u00e1ln\u00edm mo\u017enostem potisku s va\u0161\u00edm logem nebo reklamn\u00edm textem se dr\u017e\u00e1k registra\u010dn\u00ed zna\u010dky st\u00e1v\u00e1 nen\u00e1padn\u00fdm, ale \u00fa\u010dinn\u00fdm nosi\u010dem reklamy \u2013 ide\u00e1ln\u00ed pro autosalony, d\u00edlny, vozov\u00e9 parky, poji\u0161\u0165ovny nebo spolky. Alternativn\u011b zaujme i bez potisku sv\u00fdm jednoduch\u00fdm, vysoce kvalitn\u00edm vzhledem a harmonicky zapadne do ka\u017ed\u00e9ho designu vozidla.<\/span><\/p>\n<p>&nbsp;<\/p>\n<p><span style=\"color: #000000;\"><strong>Detaily produktu:<\/strong><\/span><\/p>\n<ul>\n<li><span style=\"color: #000000;\">Dr\u017e\u00e1k SPZ 525CSB CHROM \u2013 pro rakousk\u00e9 a slovinsk\u00e9SPZ L 520x V 120 mm<\/span><\/li>\n<li><span style=\"color: #000000;\">Uz\u00e1v\u011br: Klapr\u00e1m<\/span><\/li>\n<li><span style=\"color: #000000;\">Barva: \u010dern\u00e1\/chrom<\/span><\/li>\n<li><span style=\"color: #000000;\">Materi\u00e1l: Polypropylen\/ABS<\/span><\/li>\n<li><span style=\"color: #000000;\">Tiskov\u00e9 varianty: neti\u0161t\u011bn\u00e9, 4c digit\u00e1ln\u00ed tisk s prysky\u0159i\u010dn\u00fdm povlakem<\/span><\/li>\n<\/ul>","protected":false},"excerpt":{"rendered":"<p>Kennzeichenhalter \u00d6sterreich und Slowenien Type 525CSB mit Klapprahmen verchromt passend f\u00fcr Kennzeichengr\u00f6\u00dfe 520&#215;120 mm. Der Evamatic Kennzeichenhalter 525CSB kombiniert premium Optik und hohe Funktionalit\u00e4t \u2013 ideal f\u00fcr alle, die Wert auf eine edel wirkende Fahrzeugpr\u00e4senz legen. Der Halter ist speziell f\u00fcr \u00f6sterreichische und slowenische Kennzeichen (520 \u00d7 120 mm) konzipiert und erleichtert durch sein durchdachtes [&hellip;]<\/p>\n","protected":false},"featured_media":4452,"template":"","meta":{"_acf_changed":false},"product_brand":[],"product_cat":[200,205],"product_tag":[],"class_list":{"0":"post-2757","1":"product","2":"type-product","3":"status-publish","4":"has-post-thumbnail","6":"product_cat-kennzeichenhalter-oesterreich-slowenien","7":"product_cat-pkw-lkw-520x120-mm","8":"pa_druckvariante-4c-druck-mit-kunstharzbeschichtung-silber-hochglanz","9":"pa_druckvariante-unbedruckt","10":"pa_menge-93","11":"pa_menge-94","12":"pa_menge-113","13":"pa_menge-121","14":"pa_menge-123","15":"pa_menge-124","17":"first","18":"instock","19":"taxable","20":"shipping-taxable","21":"purchasable","22":"product-type-variable"},"exclude_global_add_ons":false,"addons":[{"name":"Nahr\u00e1t tiskov\u00e1 data","type":"file_upload","position":0,"required":false,"title_format":"label","default":"","description_enable":false,"description":"Bitte laden Sie hier die Druckdatei (Bild) hoch.","placeholder_enable":false,"placeholder":"","display":"select","restrictions_type":"any_text","adjust_price":false,"price":"","price_type":"flat_fee","restrictions":false,"min":"0","max":"0","options":[],"id":1776081863},{"name":"\u00a0","type":"checkbox","position":1,"required":false,"title_format":"label","default":"","description_enable":true,"description":"P\u0159enechte design profesion\u00e1l\u016fm! Jednodu\u0161e n\u00e1m za\u0161lete sv\u00e9 po\u017eadavky, loga, texty a preferovan\u00e9 fonty e-mailem nebo prost\u0159ednictv\u00edm na\u0161\u00ed funkce pro nahr\u00e1v\u00e1n\u00ed. N\u00e1\u0161 zku\u0161en\u00fd grafick\u00fd t\u00fdm pro v\u00e1s vytvo\u0159\u00ed a\u017e 3 individu\u00e1ln\u00ed n\u00e1vrhy designu, dokonale p\u0159izp\u016fsoben\u00e9 va\u0161im po\u017eadavk\u016fm.","placeholder_enable":false,"placeholder":"","display":"select","restrictions_type":"any_text","adjust_price":false,"price":"","price_type":"flat_fee","restrictions":false,"min":"0","max":"0","options":[{"label":"Professionelle Layouterstellung durch unsere Grafikabteilung","price":"35","price_type":"flat_fee","image":0,"visibility":true}],"id":1775653837}],"acf":[],"_links":{"self":[{"href":"https:\/\/www.evamatic.com\/cs\/wp-json\/wp\/v2\/product\/2757","targetHints":{"allow":["GET"]}}],"collection":[{"href":"https:\/\/www.evamatic.com\/cs\/wp-json\/wp\/v2\/product"}],"about":[{"href":"https:\/\/www.evamatic.com\/cs\/wp-json\/wp\/v2\/types\/product"}],"wp:featuredmedia":[{"embeddable":true,"href":"https:\/\/www.evamatic.com\/cs\/wp-json\/wp\/v2\/media\/4452"}],"wp:attachment":[{"href":"https:\/\/www.evamatic.com\/cs\/wp-json\/wp\/v2\/media?parent=2757"}],"wp:term":[{"taxonomy":"product_brand","embeddable":true,"href":"https:\/\/www.evamatic.com\/cs\/wp-json\/wp\/v2\/product_brand?post=2757"},{"taxonomy":"product_cat","embeddable":true,"href":"https:\/\/www.evamatic.com\/cs\/wp-json\/wp\/v2\/product_cat?post=2757"},{"taxonomy":"product_tag","embeddable":true,"href":"https:\/\/www.evamatic.com\/cs\/wp-json\/wp\/v2\/product_tag?post=2757"}],"curies":[{"name":"wp","href":"https:\/\/api.w.org\/{rel}","templated":true}]}}