{"id":2711,"date":"2026-04-09T14:18:49","date_gmt":"2026-04-09T12:18:49","guid":{"rendered":"https:\/\/www.evamatic.at\/product\/kennzeichenhalter-pkw-oesterreich-524-klapprahmen-2\/"},"modified":"2026-05-05T14:01:44","modified_gmt":"2026-05-05T12:01:44","slug":"drziak-spz-auto-rakusko-524-sklapaci-ram-2","status":"publish","type":"product","link":"https:\/\/www.evamatic.com\/cs\/product\/kennzeichenhalter-pkw-oesterreich-524-klapprahmen-2\/","title":{"rendered":"Dr\u017e\u00e1k RZ pro osobn\u00ed automobily Rakousko a Slovinsko 520\u00d7120 mm (524) \u2013 Sklopn\u00fd r\u00e1m"},"content":{"rendered":"<p><strong>Dr\u017eiak eviden\u010dn\u00e9ho \u010d\u00edsla rak\u00fasky a slovinsk\u00fd typ 524 s v\u00fdklopn\u00fdm r\u00e1mom a oto\u010dn\u00fdm z\u00e1mkom vhodn\u00fd pre rozmery eviden\u010dn\u00e9ho \u010d\u00edsla 520\u00d7120 mm.<\/strong><\/p>\n<p>Dr\u017e\u00e1k registra\u010dn\u00ed zna\u010dky Evamatic typu 524 s v\u00fdklopn\u00fdm r\u00e1mem nab\u00edz\u00ed bezpe\u010dn\u00e9, rychl\u00e9 a pohodln\u00e9 \u0159e\u0161en\u00ed pro mont\u00e1\u017e rakousk\u00fdch a slovinsk\u00fdch registra\u010dn\u00edch zna\u010dek (520 \u00d7 120 mm). D\u00edky praktick\u00e9mu v\u00fdklopn\u00e9mu r\u00e1mu lze registra\u010dn\u00ed zna\u010dky obzvl\u00e1\u0161t\u011b snadno vkl\u00e1dat nebo vym\u011b\u0148ovat. Dr\u017e\u00e1k je vyroben z pru\u017en\u00e9ho, prakticky nerozbitn\u00e9ho polypropylenu, kter\u00fd se optim\u00e1ln\u011b p\u0159izp\u016fsob\u00ed kontu\u0159e vozidla a spolehliv\u011b zabra\u0148uje klap\u00e1n\u00ed. V\u00fdklopn\u00fd r\u00e1m nav\u00edc zaji\u0161\u0165uje stabiln\u00ed upevn\u011bn\u00ed p\u0159i sou\u010dasn\u00e9m rychl\u00e9m ovl\u00e1d\u00e1n\u00ed.<\/p>\n<p>Typ 524 se hod\u00ed jak pro osobn\u00ed vozy, tak pro n\u00e1kladn\u00ed vozy a zaujme vysoce kvalitn\u00edm designem, kter\u00fd se harmonicky za\u010dlen\u00ed do vzhledu ka\u017ed\u00e9ho vozidla.<\/p>\n<p>Dr\u017e\u00e1k pozn\u00e1vac\u00ed zna\u010dky je <strong>Testov\u00e1no na pou\u017eitelnost T\u00dcV, spl\u0148uje v\u0161echny platn\u00e9 normy EU a odpov\u00edd\u00e1 sou\u010dasn\u00fdm z\u00e1konn\u00fdm p\u0159edpis\u016fm. Vn\u011bj\u0161\u00ed hrany jsou zaoblen\u00e9 s minim\u00e1ln\u00edm polom\u011brem 2,5 mm, co\u017e zaru\u010duje maxim\u00e1ln\u00ed bezpe\u010dnost a neomezen\u00e9 schv\u00e1len\u00ed pro provoz na pozemn\u00edch komunikac\u00edch.<\/strong><br \/>\nD\u00edky individu\u00e1ln\u00edm tiskov\u00fdm mo\u017enostem s va\u0161\u00edm logem nebo reklamn\u00edm textem se dr\u017e\u00e1k na pozn\u00e1vac\u00ed zna\u010dky st\u00e1v\u00e1 trval\u00fdm a n\u00e1padn\u00fdm nosi\u010dem reklamy \u2013 ide\u00e1ln\u00edm pro autosalony, servisy, vozov\u00e9 parky, poji\u0161\u0165ovac\u00ed kancel\u00e1\u0159e nebo spolky.<\/p>\n<p>&nbsp;<\/p>\n<p><strong>Detaily produktu:<\/strong><\/p>\n<ul>\n<li>Dr\u017e\u00e1k registra\u010dn\u00ed zna\u010dky 524 \u2013 pro rakousk\u00e9 a slovinsk\u00e9 registra\u010dn\u00ed zna\u010dky L 520x V 120 mm<\/li>\n<li>Uz\u00e1v\u011br: Klapr\u00e1m<\/li>\n<li>Barva: \u010dern\u00e1<\/li>\n<li>Materi\u00e1l: Polypropylen<\/li>\n<li>Tiskov\u00e9 varianty: nepotisk, 4c digit\u00e1ln\u00ed tisk pololeskl\u00fd, 4c digit\u00e1ln\u00ed tisk s povlakem z um\u011bl\u00e9 prysky\u0159ice\n<ul>\n<li><strong>U dr\u017e\u00e1ku zna\u010dky 524 je potisk v prohlubni dr\u017e\u00e1ku zna\u010dky a je tak spolehliv\u011b chr\u00e1n\u011bn p\u0159ed po\u0161kr\u00e1b\u00e1n\u00edm, pov\u011btrnostn\u00edmi vlivy a mechanick\u00fdm nam\u00e1h\u00e1n\u00edm \u2013 pro trvale kvalitn\u00ed prezentaci zna\u010dky.<\/strong><\/li>\n<\/ul>\n<\/li>\n<\/ul>","protected":false},"excerpt":{"rendered":"<p>Kennzeichenhalter \u00d6sterreich und Slowenien Type 524 mit Klapprahmen und Drehverschluss passend f\u00fcr Kennzeichengr\u00f6\u00dfe 520&#215;120 mm. Der Evamatic Kennzeichenhalter Type 524 mit Klapprahmen-System bietet eine sichere, schnelle und komfortable L\u00f6sung zur Montage von \u00f6sterreichischen und slowenischen Kennzeichen (520 \u00d7 120 mm). Durch den praktischen Klapprahmen lassen sich Kennzeichen besonders einfach einlegen oder wechseln. Der Halter besteht [&hellip;]<\/p>\n","protected":false},"featured_media":4450,"template":"","meta":{"_acf_changed":false},"product_brand":[],"product_cat":[205,200],"product_tag":[],"class_list":{"0":"post-2711","1":"product","2":"type-product","3":"status-publish","4":"has-post-thumbnail","6":"product_cat-pkw-lkw-520x120-mm","7":"product_cat-kennzeichenhalter-oesterreich-slowenien","8":"pa_druckvariante-4c-druck-seidenmatt","9":"pa_druckvariante-4c-druck-mit-kunstharzbeschichtung","10":"pa_druckvariante-4c-druck-mit-kunstharzbeschichtung-silber-hochglanz","11":"pa_druckvariante-4c-druck-mit-kunstharzbeschichtung-reflektierend","12":"pa_druckvariante-4c-druck-mit-kunstharzbeschichtung-silber-matt","13":"pa_menge-93","14":"pa_menge-94","15":"pa_menge-95","16":"pa_menge-96","17":"pa_menge-108","18":"pa_menge-109","19":"pa_menge-110","20":"pa_menge-111","21":"pa_menge-112","23":"first","24":"instock","25":"taxable","26":"shipping-taxable","27":"purchasable","28":"product-type-variable"},"exclude_global_add_ons":false,"addons":[{"name":"Nahr\u00e1t tiskov\u00e1 data","type":"file_upload","position":0,"required":false,"title_format":"label","default":"","description_enable":false,"description":"Bitte laden Sie hier die Druckdatei (Bild) hoch.","placeholder_enable":false,"placeholder":"","display":"select","restrictions_type":"any_text","adjust_price":false,"price":"","price_type":"flat_fee","restrictions":false,"min":"0","max":"0","options":[],"id":1776081863},{"name":"\u00a0","type":"checkbox","position":1,"required":false,"title_format":"label","default":"","description_enable":true,"description":"P\u0159enechte design profesion\u00e1l\u016fm! Jednodu\u0161e n\u00e1m za\u0161lete sv\u00e9 po\u017eadavky, loga, texty a preferovan\u00e9 fonty e-mailem nebo prost\u0159ednictv\u00edm na\u0161\u00ed funkce pro nahr\u00e1v\u00e1n\u00ed. N\u00e1\u0161 zku\u0161en\u00fd grafick\u00fd t\u00fdm pro v\u00e1s vytvo\u0159\u00ed a\u017e 3 individu\u00e1ln\u00ed n\u00e1vrhy designu, dokonale p\u0159izp\u016fsoben\u00e9 va\u0161im po\u017eadavk\u016fm.","placeholder_enable":false,"placeholder":"","display":"select","restrictions_type":"any_text","adjust_price":false,"price":"","price_type":"flat_fee","restrictions":false,"min":"0","max":"0","options":[{"label":"Professionelle Layouterstellung durch unsere Grafikabteilung","price":"35","price_type":"flat_fee","image":0,"visibility":true}],"id":1775653837}],"acf":[],"_links":{"self":[{"href":"https:\/\/www.evamatic.com\/cs\/wp-json\/wp\/v2\/product\/2711","targetHints":{"allow":["GET"]}}],"collection":[{"href":"https:\/\/www.evamatic.com\/cs\/wp-json\/wp\/v2\/product"}],"about":[{"href":"https:\/\/www.evamatic.com\/cs\/wp-json\/wp\/v2\/types\/product"}],"wp:featuredmedia":[{"embeddable":true,"href":"https:\/\/www.evamatic.com\/cs\/wp-json\/wp\/v2\/media\/4450"}],"wp:attachment":[{"href":"https:\/\/www.evamatic.com\/cs\/wp-json\/wp\/v2\/media?parent=2711"}],"wp:term":[{"taxonomy":"product_brand","embeddable":true,"href":"https:\/\/www.evamatic.com\/cs\/wp-json\/wp\/v2\/product_brand?post=2711"},{"taxonomy":"product_cat","embeddable":true,"href":"https:\/\/www.evamatic.com\/cs\/wp-json\/wp\/v2\/product_cat?post=2711"},{"taxonomy":"product_tag","embeddable":true,"href":"https:\/\/www.evamatic.com\/cs\/wp-json\/wp\/v2\/product_tag?post=2711"}],"curies":[{"name":"wp","href":"https:\/\/api.w.org\/{rel}","templated":true}]}}