{"id":2648,"date":"2026-04-09T14:18:47","date_gmt":"2026-04-09T12:18:47","guid":{"rendered":"https:\/\/www.evamatic.at\/product\/kennzeichenhalter-pkw-oesterreich-530-schiebeverschluss-2\/"},"modified":"2026-05-05T14:02:42","modified_gmt":"2026-05-05T12:02:42","slug":"drzak-spz-osobni-auto-rakousko-530-posuvny-uzaver-2","status":"publish","type":"product","link":"https:\/\/www.evamatic.com\/cs\/product\/kennzeichenhalter-pkw-oesterreich-530-schiebeverschluss-2\/","title":{"rendered":"Dr\u017e\u00e1k registra\u010dn\u00ed zna\u010dky osobn\u00edho automobilu Rakousko a Slovinsko 520\u00d7120 mm (530) \u2013 posuvn\u00e9 zav\u00edr\u00e1n\u00ed"},"content":{"rendered":"<p><strong>Dr\u017e\u00e1k registra\u010dn\u00ed zna\u010dky osobn\u00edho automobilu Rakousko a Slovinsko typ 530 s posuvn\u00fdm uz\u00e1v\u011brem je vhodn\u00fd pro registra\u010dn\u00ed zna\u010dky o rozm\u011brech 520\u00d7120 mm.<\/strong><\/p>\n<p>Dr\u017eiak eviden\u010dn\u00fdch \u010d\u00edsel Evamatic typ 530 so syst\u00e9mom posuvn\u00e9ho uz\u00e1veru pon\u00faka mimoriadne stabiln\u00e9, bezpe\u010dn\u00e9 a pohodln\u00e9 rie\u0161enie na mont\u00e1\u017e rak\u00faskych a slovinsk\u00fdch eviden\u010dn\u00fdch \u010d\u00edsel (520 \u00d7 120 mm). Osved\u010den\u00fd posuvn\u00fd uz\u00e1ver umo\u017e\u0148uje r\u00fdchle a nekomplikovan\u00e9 vkladanie a v\u00fdmenu eviden\u010dn\u00fdch \u010d\u00edsel.<\/p>\n<p>Ve srovn\u00e1n\u00ed s typem 526 m\u00e1 typ 530 v\u011bt\u0161\u00ed tlou\u0161\u0165ku materi\u00e1lu, co\u017e zaji\u0161\u0165uje je\u0161t\u011b vy\u0161\u0161\u00ed stabilitu. Dr\u017e\u00e1k nav\u00edc nab\u00edz\u00ed m\u00edrn\u011b v\u011bt\u0161\u00ed reklamn\u00ed plochu, kter\u00e1 poskytuje v\u00edce prostoru pro loga, slogany nebo reklamn\u00ed sd\u011blen\u00ed a zvy\u0161uje viditelnost.<br \/>\nDr\u017e\u00e1k registra\u010dn\u00ed zna\u010dky je vyroben z flexibiln\u00edho, t\u00e9m\u011b\u0159 nerozbitn\u00e9ho polypropylenu, optim\u00e1ln\u011b se p\u0159izp\u016fsobuje obrysu vozidla a spolehliv\u011b zabra\u0148uje chrast\u011bn\u00ed. Je vhodn\u00fd pro osobn\u00ed a n\u00e1kladn\u00ed vozy a p\u0159esv\u011bd\u010d\u00ed decentn\u00edm, vysoce kvalitn\u00edm designem, kter\u00fd harmonicky zapad\u00e1 do celkov\u00e9ho vzhledu vozidla.<\/p>\n<p>Typ 530 je <strong>Certifikov\u00e1no z hlediska u\u017eitn\u00fdch vlastnost\u00ed podle T\u00dcV, spl\u0148uje v\u0161echny platn\u00e9 normy EU a je v souladu s aktu\u00e1ln\u00edmi z\u00e1konn\u00fdmi p\u0159edpisy. Zaoblen\u00e9 vn\u011bj\u0161\u00ed hrany s minim\u00e1ln\u00edm polom\u011brem 2,5 mm zaru\u010duj\u00ed maxim\u00e1ln\u00ed bezpe\u010dnost a umo\u017e\u0148uj\u00ed neomezen\u00e9 pou\u017eit\u00ed dr\u017e\u00e1ku registra\u010dn\u00ed zna\u010dky v silni\u010dn\u00edm provozu.<\/strong><\/p>\n<p>D\u00edky individu\u00e1ln\u00edm tiskov\u00fdm variant\u00e1m se dr\u017e\u00e1k registra\u010dn\u00edch zna\u010dek typ 530 st\u00e1v\u00e1 trval\u00fdm a poutav\u00fdm reklamn\u00edm nosi\u010dem \u2013 ide\u00e1ln\u00ed pro autosalony, d\u00edlny, vozov\u00e9 parky, poji\u0161\u0165ovny nebo spolky.<\/p>\n<p>&nbsp;<\/p>\n<p><strong>Detaily produktu:<\/strong><\/p>\n<ul>\n<li>Dr\u017e\u00e1k pozn\u00e1vac\u00ed zna\u010dky 530 \u2013 pro rakousk\u00e9 a slovinsk\u00e9 pozn\u00e1vac\u00ed zna\u010dky D 520 x V 120 mm<\/li>\n<li>Zav\u00edr\u00e1n\u00ed: posuvn\u00fd uz\u00e1v\u011br<\/li>\n<li>Barva: \u010dern\u00e1<\/li>\n<li>Materi\u00e1l: Polypropylen<\/li>\n<li>Tiskov\u00e9 varianty: nepotiskov\u00e1no, s\u00edtotisk, 4c digit\u00e1ln\u00ed tisk polomatn\u00fd, 4c digit\u00e1ln\u00ed tisk s plastov\u00fdm povlakem\n<ul>\n<li><strong>U v\u0161ech 4c digit\u00e1ln\u00edch tisk\u016f je potisk um\u00edst\u011bn ve vlisovan\u00e9m prostoru dr\u017e\u00e1ku registra\u010dn\u00ed zna\u010dky a je tak spolehliv\u011b chr\u00e1n\u011bn p\u0159ed po\u0161kr\u00e1b\u00e1n\u00edm, vlivy po\u010das\u00ed a mechanick\u00fdm nam\u00e1h\u00e1n\u00edm \u2013 pro trvale kvalitn\u00ed prezentaci zna\u010dky.<\/strong><\/li>\n<\/ul>\n<\/li>\n<\/ul>","protected":false},"excerpt":{"rendered":"<p>Kennzeichenhalter PKW \u00d6sterreich und Slowenien Type 530 mit Schiebeverschluss passen f\u00fcr Kennzeichengr\u00f6\u00dfe 520&#215;120 mm. Der Evamatic Kennzeichenhalter Type 530 mit Schiebeverschluss-System bietet eine besonders stabile, sichere und komfortable L\u00f6sung zur Montage von \u00f6sterreichischen und slowenischen Kennzeichen (520 \u00d7 120 mm). Durch den bew\u00e4hrten Schiebeverschluss lassen sich Kennzeichen schnell und unkompliziert einsetzen und wechseln. Im Vergleich [&hellip;]<\/p>\n","protected":false},"featured_media":4449,"template":"","meta":{"_acf_changed":false},"product_brand":[],"product_cat":[205,200],"product_tag":[],"class_list":{"0":"post-2648","1":"product","2":"type-product","3":"status-publish","4":"has-post-thumbnail","6":"product_cat-pkw-lkw-520x120-mm","7":"product_cat-kennzeichenhalter-oesterreich-slowenien","8":"pa_druckvariante-4c-druck-mit-kunstharzbeschichtung-silber-hochglanz","9":"pa_druckvariante-4c-druck-mit-kunstharzbeschichtung-reflektierend","10":"pa_druckvariante-4c-druck-mit-kunstharzbeschichtung-silber-matt","11":"pa_druckvariante-unbedruckt","12":"pa_druckvariante-siebdruck-einfaerbig-weiss","13":"pa_druckvariante-siebdruck-einfaerbig-silber","14":"pa_druckvariante-4c-druck-seidenmatt","15":"pa_druckvariante-4c-druck-mit-kunstharzbeschichtung","16":"pa_menge-101","17":"pa_menge-102","18":"pa_menge-103","19":"pa_menge-93","20":"pa_menge-104","21":"pa_menge-94","22":"pa_menge-105","23":"pa_menge-95","24":"pa_menge-106","25":"pa_menge-96","26":"pa_menge-107","27":"pa_menge-97","28":"pa_menge-132","29":"pa_menge-98","30":"pa_menge-99","31":"pa_menge-100","33":"first","34":"instock","35":"taxable","36":"shipping-taxable","37":"purchasable","38":"product-type-variable"},"exclude_global_add_ons":false,"addons":[{"name":"Nahr\u00e1t tiskov\u00e1 data","type":"file_upload","position":0,"required":false,"title_format":"label","default":"","description_enable":false,"description":"Bitte laden Sie hier die Druckdatei (Bild) hoch.","placeholder_enable":false,"placeholder":"","display":"select","restrictions_type":"any_text","adjust_price":false,"price":"","price_type":"flat_fee","restrictions":false,"min":"0","max":"0","options":[],"id":1776081863},{"name":"\u00a0","type":"checkbox","position":1,"required":false,"title_format":"label","default":"","description_enable":true,"description":"P\u0159enechte design profesion\u00e1l\u016fm! Jednodu\u0161e n\u00e1m za\u0161lete sv\u00e9 po\u017eadavky, loga, texty a preferovan\u00e9 fonty e-mailem nebo prost\u0159ednictv\u00edm na\u0161\u00ed funkce pro nahr\u00e1v\u00e1n\u00ed. N\u00e1\u0161 zku\u0161en\u00fd grafick\u00fd t\u00fdm pro v\u00e1s vytvo\u0159\u00ed a\u017e 3 individu\u00e1ln\u00ed n\u00e1vrhy designu, dokonale p\u0159izp\u016fsoben\u00e9 va\u0161im po\u017eadavk\u016fm.","placeholder_enable":false,"placeholder":"","display":"select","restrictions_type":"any_text","adjust_price":false,"price":"","price_type":"flat_fee","restrictions":false,"min":"0","max":"0","options":[{"label":"Professionelle Layouterstellung durch unsere Grafikabteilung","price":"35","price_type":"flat_fee","image":0,"visibility":true}],"id":1775653837}],"acf":[],"_links":{"self":[{"href":"https:\/\/www.evamatic.com\/cs\/wp-json\/wp\/v2\/product\/2648","targetHints":{"allow":["GET"]}}],"collection":[{"href":"https:\/\/www.evamatic.com\/cs\/wp-json\/wp\/v2\/product"}],"about":[{"href":"https:\/\/www.evamatic.com\/cs\/wp-json\/wp\/v2\/types\/product"}],"wp:featuredmedia":[{"embeddable":true,"href":"https:\/\/www.evamatic.com\/cs\/wp-json\/wp\/v2\/media\/4449"}],"wp:attachment":[{"href":"https:\/\/www.evamatic.com\/cs\/wp-json\/wp\/v2\/media?parent=2648"}],"wp:term":[{"taxonomy":"product_brand","embeddable":true,"href":"https:\/\/www.evamatic.com\/cs\/wp-json\/wp\/v2\/product_brand?post=2648"},{"taxonomy":"product_cat","embeddable":true,"href":"https:\/\/www.evamatic.com\/cs\/wp-json\/wp\/v2\/product_cat?post=2648"},{"taxonomy":"product_tag","embeddable":true,"href":"https:\/\/www.evamatic.com\/cs\/wp-json\/wp\/v2\/product_tag?post=2648"}],"curies":[{"name":"wp","href":"https:\/\/api.w.org\/{rel}","templated":true}]}}