{"id":2591,"date":"2026-04-09T14:18:44","date_gmt":"2026-04-09T12:18:44","guid":{"rendered":"https:\/\/www.evamatic.at\/product\/kennzeichenhalter-pkw-oesterreich-526-schiebeverschluss-2\/"},"modified":"2026-05-05T14:03:20","modified_gmt":"2026-05-05T12:03:20","slug":"drzak-registrace-osobniho-automobilu-rakousko-526-posuvny-zamek-2","status":"publish","type":"product","link":"https:\/\/www.evamatic.com\/cs\/product\/kennzeichenhalter-pkw-oesterreich-526-schiebeverschluss-2\/","title":{"rendered":"Dr\u017e\u00e1k registra\u010dn\u00ed zna\u010dky osobn\u00edho automobilu Rakousko a Slovinsko 520\u00d7120 mm (526) \u2013 posuvn\u00fd uz\u00e1v\u011br"},"content":{"rendered":"<p><strong>Dr\u017e\u00e1k registra\u010dn\u00ed zna\u010dky osobn\u00edho automobilu Rakousko a Slovinsko typ 526 s posuvn\u00fdm uz\u00e1v\u011brem pasuje na registra\u010dn\u00ed zna\u010dky o rozm\u011bru 520\u00d7120 mm.<\/strong><\/p>\n<p>Dr\u017e\u00e1k registra\u010dn\u00ed zna\u010dky Evamatic typ 526 s posuvn\u00fdm syst\u00e9mem nab\u00edz\u00ed bezpe\u010dn\u00e9, rychl\u00e9 a pohodln\u00e9 \u0159e\u0161en\u00ed pro mont\u00e1\u017e rakousk\u00fdch a slovinsk\u00fdch registra\u010dn\u00edch zna\u010dek (520 \u00d7 120 mm). D\u00edky inovativn\u00edmu posuvn\u00e9mu mechanismu lze registra\u010dn\u00ed zna\u010dky snadno vlo\u017eit. Dr\u017e\u00e1k registra\u010dn\u00ed zna\u010dky je vyroben z pru\u017en\u00e9ho, t\u00e9m\u011b\u0159 nerozbitn\u00e9ho materi\u00e1lu (polypropylen) a p\u0159izp\u016fsobuje se kontu\u0159e vozidla bez zp\u016fsobov\u00e1n\u00ed hluku. Jsou vhodn\u00e9 pro osobn\u00ed i n\u00e1kladn\u00ed automobily a d\u00edky decentn\u00edmu designu lad\u00ed s vzhledem vozidla.<\/p>\n<p>Dr\u017e\u00e1k registra\u010dn\u00ed zna\u010dky 526 je <strong>Certifikov\u00e1no z hlediska u\u017eitn\u00fdch vlastnost\u00ed podle T\u00dcV, spl\u0148uje v\u0161echny platn\u00e9 normy EU a je v souladu s aktu\u00e1ln\u00edmi z\u00e1konn\u00fdmi p\u0159edpisy. Zaoblen\u00e9 vn\u011bj\u0161\u00ed hrany s minim\u00e1ln\u00edm polom\u011brem 2,5 mm zaru\u010duj\u00ed maxim\u00e1ln\u00ed bezpe\u010dnost a umo\u017e\u0148uj\u00ed neomezen\u00e9 pou\u017eit\u00ed dr\u017e\u00e1ku registra\u010dn\u00ed zna\u010dky v silni\u010dn\u00edm provozu.<\/strong><\/p>\n<p>D\u00edky individu\u00e1ln\u00edm tiskov\u00fdm variant\u00e1m s logem nebo reklamn\u00edm sd\u011blen\u00edm se dr\u017e\u00e1k registra\u010dn\u00ed zna\u010dky st\u00e1v\u00e1 trval\u00fdm a poutav\u00fdm nosi\u010dem reklamy \u2013 ide\u00e1ln\u00ed pro autosalony, d\u00edlny, vozov\u00e9 parky, poji\u0161\u0165ovac\u00ed kancel\u00e1\u0159e nebo spolky.<\/p>\n<p><strong>Detaily produktu:<\/strong><\/p>\n<ul>\n<li>Dr\u017e\u00e1k SPZ 526 \u2013 pro rakousk\u00e9 a slovinsk\u00e9 SPZ D 520 x V 120 mm<\/li>\n<li>Zav\u00edr\u00e1n\u00ed: posuvn\u00fd uz\u00e1v\u011br<\/li>\n<li>Barva: \u010dern\u00e1<\/li>\n<li>Materi\u00e1l: Polypropylen<\/li>\n<li>Tiskov\u00e9 varianty: nepotiskov\u00e1no, s\u00edtotisk, 4c digit\u00e1ln\u00ed tisk polomatn\u00fd, 4c digit\u00e1ln\u00ed tisk s plastov\u00fdm povlakem\n<ul>\n<li><strong>U v\u0161ech 4c digit\u00e1ln\u00edch tisk\u016f je potisk um\u00edst\u011bn ve vlisovan\u00e9m prostoru dr\u017e\u00e1ku registra\u010dn\u00ed zna\u010dky a je tak spolehliv\u011b chr\u00e1n\u011bn p\u0159ed po\u0161kr\u00e1b\u00e1n\u00edm, vlivy po\u010das\u00ed a mechanick\u00fdm nam\u00e1h\u00e1n\u00edm \u2013 pro trvale kvalitn\u00ed prezentaci zna\u010dky.<\/strong><\/li>\n<\/ul>\n<\/li>\n<\/ul>","protected":false},"excerpt":{"rendered":"<p>Kennzeichenhalter PKW \u00d6sterreich und Slowenien Type 526 mit Schiebeverschluss passen f\u00fcr Kennzeichengr\u00f6\u00dfe 520&#215;120 mm. Der Evamatic Kennzeichenhalter Type 526 mit Schiebeverschluss System bieten eine sichere, schnelle und komfortable L\u00f6sung zur Montage von \u00f6sterreichischen und slowenischen Kennzeichen (520 \u00d7 120 mm). Dank innovativem Schiebeverschluss lassen sich Kennzeichen m\u00fchelos einlegen. Der Kennzeichenhalter ist aus flexiblem, nahezu bruchfestem [&hellip;]<\/p>\n","protected":false},"featured_media":4448,"template":"","meta":{"_acf_changed":false},"product_brand":[],"product_cat":[200,205],"product_tag":[],"class_list":{"0":"post-2591","1":"product","2":"type-product","3":"status-publish","4":"has-post-thumbnail","6":"product_cat-kennzeichenhalter-oesterreich-slowenien","7":"product_cat-pkw-lkw-520x120-mm","8":"pa_druckvariante-4c-druck-mit-kunstharzbeschichtung-silber-hochglanz","9":"pa_druckvariante-4c-druck-mit-kunstharzbeschichtung-reflektierend","10":"pa_druckvariante-4c-druck-mit-kunstharzbeschichtung-silber-matt","11":"pa_druckvariante-unbedruckt","12":"pa_druckvariante-siebdruck-einfaerbig-weiss","13":"pa_druckvariante-siebdruck-einfaerbig-silber","14":"pa_druckvariante-4c-druck-seidenmatt","15":"pa_druckvariante-4c-druck-mit-kunstharzbeschichtung","16":"pa_menge-101","17":"pa_menge-102","18":"pa_menge-93","19":"pa_menge-94","20":"pa_menge-95","21":"pa_menge-96","22":"pa_menge-97","23":"pa_menge-98","24":"pa_menge-99","25":"pa_menge-100","27":"first","28":"instock","29":"taxable","30":"shipping-taxable","31":"purchasable","32":"product-type-variable"},"exclude_global_add_ons":false,"addons":[{"name":"Nahr\u00e1t tiskov\u00e1 data","type":"file_upload","position":0,"required":false,"title_format":"label","default":"","description_enable":false,"description":"Bitte laden Sie hier die Druckdatei (Bild) hoch.","placeholder_enable":false,"placeholder":"","display":"select","restrictions_type":"any_text","adjust_price":false,"price":"","price_type":"flat_fee","restrictions":false,"min":"0","max":"0","options":[],"id":1776081863},{"name":"\u00a0","type":"checkbox","position":1,"required":false,"title_format":"label","default":"","description_enable":true,"description":"P\u0159enechte design profesion\u00e1l\u016fm! Jednodu\u0161e n\u00e1m za\u0161lete sv\u00e9 po\u017eadavky, loga, texty a preferovan\u00e9 fonty e-mailem nebo prost\u0159ednictv\u00edm na\u0161\u00ed funkce pro nahr\u00e1v\u00e1n\u00ed. N\u00e1\u0161 zku\u0161en\u00fd grafick\u00fd t\u00fdm pro v\u00e1s vytvo\u0159\u00ed a\u017e 3 individu\u00e1ln\u00ed n\u00e1vrhy designu, dokonale p\u0159izp\u016fsoben\u00e9 va\u0161im po\u017eadavk\u016fm.","placeholder_enable":false,"placeholder":"","display":"select","restrictions_type":"any_text","adjust_price":false,"price":"","price_type":"flat_fee","restrictions":false,"min":"0","max":"0","options":[{"label":"Professionelle Layouterstellung durch unsere Grafikabteilung","price":"35","price_type":"flat_fee","image":0,"visibility":true}],"id":1775653837}],"acf":[],"_links":{"self":[{"href":"https:\/\/www.evamatic.com\/cs\/wp-json\/wp\/v2\/product\/2591","targetHints":{"allow":["GET"]}}],"collection":[{"href":"https:\/\/www.evamatic.com\/cs\/wp-json\/wp\/v2\/product"}],"about":[{"href":"https:\/\/www.evamatic.com\/cs\/wp-json\/wp\/v2\/types\/product"}],"wp:featuredmedia":[{"embeddable":true,"href":"https:\/\/www.evamatic.com\/cs\/wp-json\/wp\/v2\/media\/4448"}],"wp:attachment":[{"href":"https:\/\/www.evamatic.com\/cs\/wp-json\/wp\/v2\/media?parent=2591"}],"wp:term":[{"taxonomy":"product_brand","embeddable":true,"href":"https:\/\/www.evamatic.com\/cs\/wp-json\/wp\/v2\/product_brand?post=2591"},{"taxonomy":"product_cat","embeddable":true,"href":"https:\/\/www.evamatic.com\/cs\/wp-json\/wp\/v2\/product_cat?post=2591"},{"taxonomy":"product_tag","embeddable":true,"href":"https:\/\/www.evamatic.com\/cs\/wp-json\/wp\/v2\/product_tag?post=2591"}],"curies":[{"name":"wp","href":"https:\/\/api.w.org\/{rel}","templated":true}]}}