{"id":3,"date":"2026-01-22T12:31:49","date_gmt":"2026-01-22T12:31:49","guid":{"rendered":"http:\/\/www.evamatic.at\/?page_id=3"},"modified":"2026-03-26T15:19:05","modified_gmt":"2026-03-26T14:19:05","slug":"ochrana-osobnich-udaju","status":"publish","type":"page","link":"https:\/\/www.evamatic.com\/cs\/datenschutz\/","title":{"rendered":"Ochrana osobn\u00edch \u00fadaj\u016f"},"content":{"rendered":"<p><span style=\"font-weight: 400;\">Toto prohl\u00e1\u0161en\u00ed o ochran\u011b osobn\u00edch \u00fadaj\u016f informuje u\u017eivatele t\u00e9to webov\u00e9 str\u00e1nky v souladu s Obecn\u00fdm na\u0159\u00edzen\u00edm o ochran\u011b osobn\u00edch \u00fadaj\u016f (GDPR) o povaze, rozsahu a \u00fa\u010delu shroma\u017e\u010fov\u00e1n\u00ed a pou\u017e\u00edv\u00e1n\u00ed osobn\u00edch \u00fadaj\u016f provozovatelem webov\u00fdch str\u00e1nek. Provozovatel webov\u00fdch str\u00e1nek nakl\u00e1d\u00e1 s Va\u0161imi osobn\u00edmi \u00fadaji d\u016fv\u011brn\u011b a v souladu se z\u00e1konn\u00fdmi p\u0159edpisy.<\/span><\/p>\r\n<p><span style=\"font-weight: 400;\">Osobn\u00ed \u00fadaje jsou informace t\u00fdkaj\u00edc\u00ed se p\u0159\u00edmo \u010di nep\u0159\u00edmo identifikovan\u00e9 nebo identifikovateln\u00e9 fyzick\u00e9 osoby, nap\u0159\u00edklad kontaktn\u00ed \u00fadaje nebo IP adresa. Pojmy obsa\u017een\u00e9 v t\u011bchto Z\u00e1sad\u00e1ch ochrany osobn\u00edch \u00fadaj\u016f se vykl\u00e1daj\u00ed ve smyslu Na\u0159\u00edzen\u00ed o ochran\u011b osobn\u00edch \u00fadaj\u016f (d\u00e1le jen \u201eGDPR\u201c).<\/span><\/p>\r\n<h2 class=\"wp-block-heading\"><b>P\u0159\u00edstupov\u00e9 \u00fadaje<\/b><\/h2>\r\n<p><span style=\"font-weight: 400;\">Provozovatel webov\u00fdch str\u00e1nek shroma\u017e\u010fuje \u00fadaje o p\u0159\u00edstupech na str\u00e1nky a ukl\u00e1d\u00e1 je jako \u201esoubory serverov\u00fdch protokol\u016f\u201c. N\u00e1sleduj\u00edc\u00ed \u00fadaje jsou tak zaznamen\u00e1v\u00e1ny:<\/span><\/p>\r\n<ul>\r\n<li><span style=\"font-weight: 400;\"> Nav\u0161t\u00edven\u00e1 webov\u00e1 str\u00e1nka<\/span><\/li>\r\n<li><span style=\"font-weight: 400;\"> \u010cas v dob\u011b p\u0159\u00edstupu<\/span><\/li>\r\n<li><span style=\"font-weight: 400;\"> Mno\u017estv\u00ed odeslan\u00fdch dat v bajtech<\/span><\/li>\r\n<li><span style=\"font-weight: 400;\"> Zdroj\/Odkaz<\/span><\/li>\r\n<li><span style=\"font-weight: 400;\"> Pou\u017eit\u00fd prohl\u00ed\u017ee\u010d<\/span><\/li>\r\n<li><span style=\"font-weight: 400;\"> Pou\u017eit\u00fd opera\u010dn\u00ed syst\u00e9m<\/span><\/li>\r\n<li><span style=\"font-weight: 400;\"> Pou\u017eit\u00e1 IP adresa<\/span><\/li>\r\n<\/ul>\r\n<p><span style=\"font-weight: 400;\">Z\u00edskan\u00e1 data slou\u017e\u00ed pouze pro statistick\u00e9 hodnocen\u00ed a zlep\u0161en\u00ed webov\u00fdch str\u00e1nek. Provozovatel webov\u00fdch str\u00e1nek si v\u0161ak vyhrazuje pr\u00e1vo dodate\u010dn\u011b zkontrolovat soubory serverov\u00fdch protokol\u016f, pokud existuj\u00ed konkr\u00e9tn\u00ed indicie ukazuj\u00edc\u00ed na nez\u00e1konn\u00e9 pou\u017eit\u00ed.<\/span><\/p>\r\n<h2><b>Su\u0161enky<\/b><\/h2>\r\n<p><span style=\"font-weight: 400;\">Tato webov\u00e1 str\u00e1nka pou\u017e\u00edv\u00e1 soubory cookie. Jedn\u00e1 se o mal\u00e9 textov\u00e9 soubory, kter\u00e9 se ukl\u00e1daj\u00ed na koncov\u00e9m za\u0159\u00edzen\u00ed. B\u011b\u017en\u00e9 prohl\u00ed\u017ee\u010de nab\u00edzej\u00ed mo\u017enost nenastavit povolen\u00ed soubor\u016f cookie. Pozn\u00e1mka: Nen\u00ed zaru\u010deno, \u017ee v\u0161echny funkce t\u00e9to webov\u00e9 str\u00e1nky budou p\u0159\u00edstupn\u00e9 bez omezen\u00ed, pokud budou provedena odpov\u00eddaj\u00edc\u00ed nastaven\u00ed.<\/span><\/p>\r\n<h2><b>Zach\u00e1zen\u00ed s osobn\u00edmi \u00fadaji<\/b><\/h2>\r\n<p><span style=\"font-weight: 400;\">Provozovatel webov\u00fdch str\u00e1nek shroma\u017e\u010fuje, vyu\u017e\u00edv\u00e1 a p\u0159ed\u00e1v\u00e1 osobn\u00ed \u00fadaje pouze tehdy, je-li to povoleno v r\u00e1mci z\u00e1kona nebo pokud je pro zpracov\u00e1n\u00ed \u00fadaj\u016f ud\u011blen souhlas.<\/span><\/p>\r\n<p><span style=\"font-weight: 400;\">Za osobn\u00ed \u00fadaje se pova\u017euj\u00ed ve\u0161ker\u00e9 informace, kter\u00e9 slou\u017e\u00ed k ur\u010den\u00ed osoby \u2013 tedy nap\u0159\u00edklad jm\u00e9no, Va\u0161e e-mailov\u00e1 adresa a telefonn\u00ed \u010d\u00edslo.<\/span><\/p>\r\n<h2><b>Spr\u00e1va kontaktn\u00edch \u00fadaj\u016f<\/b><\/h2>\r\n<p><span style=\"font-weight: 400;\">Pokud je s provozovatelem webov\u00fdch str\u00e1nek nav\u00e1z\u00e1n kontakt prost\u0159ednictv\u00edm nab\u00edzen\u00fdch kontaktn\u00edch mo\u017enost\u00ed, budou \u00fadaje ulo\u017eeny, aby je bylo mo\u017en\u00e9 vyu\u017e\u00edt pro zpracov\u00e1n\u00ed a odpov\u011b\u010f na dotaz a pro p\u0159\u00edpad n\u00e1sledn\u00fdch ot\u00e1zek. Bez souhlasu nebudou tyto \u00fadaje p\u0159ed\u00e1ny t\u0159et\u00edm stran\u00e1m.<\/span><\/p>\r\n<h2><b>Doba zpracov\u00e1n\u00ed dat<\/b><\/h2>\r\n<p><span style=\"font-weight: 400;\">Osobn\u00ed \u00fadaje zpracov\u00e1van\u00e9 v souvislosti s pln\u011bn\u00edm smlouvy se zpracov\u00e1vaj\u00ed nejd\u00e9le po dobu z\u00e1konn\u00fdch lh\u016ft pro uchov\u00e1v\u00e1n\u00ed (aktu\u00e1ln\u011b 7 let). Smluvn\u00ed strany si mohou dohodnout del\u0161\u00ed lh\u016fty. Osobn\u00ed \u00fadaje z \u017e\u00e1dost\u00ed se uchov\u00e1vaj\u00ed po dobu vy\u0159\u00edzen\u00ed \u017e\u00e1dosti.\u00a0<\/span><\/p>\r\n<h2><b>Pr\u00e1va u\u017eivatele: Informace, opravy a v\u00fdmaz<\/b><\/h2>\r\n<p><span style=\"font-weight: 400;\">Osob\u011b, j\u00ed\u017e se zpracov\u00e1n\u00ed osobn\u00edch \u00fadaj\u016f t\u00fdk\u00e1, vypl\u00fdvaj\u00ed z pr\u00e1va na ochranu osobn\u00edch \u00fadaj\u016f tato pr\u00e1va:<\/span><\/p>\r\n<ol>\r\n<li style=\"font-weight: 400;\" aria-level=\"1\"><span style=\"font-weight: 400;\">Pr\u00e1vo na informace<\/span><\/li>\r\n<li style=\"font-weight: 400;\" aria-level=\"1\"><span style=\"font-weight: 400;\">Pr\u00e1vo na opravu<\/span><\/li>\r\n<li style=\"font-weight: 400;\" aria-level=\"1\"><span style=\"font-weight: 400;\">Pr\u00e1vo na v\u00fdmaz<\/span><\/li>\r\n<li style=\"font-weight: 400;\" aria-level=\"1\"><span style=\"font-weight: 400;\">Pr\u00e1vo na omezen\u00ed zpracov\u00e1n\u00ed<\/span><\/li>\r\n<li style=\"font-weight: 400;\" aria-level=\"1\"><span style=\"font-weight: 400;\">Opr\u00e1vn\u011bn\u00ed k n\u00e1mitce<\/span><\/li>\r\n<li style=\"font-weight: 400;\" aria-level=\"1\"><span style=\"font-weight: 400;\">Odvol\u00e1n\u00ed ud\u011blen\u00e9ho souhlasu<\/span><\/li>\r\n<li style=\"font-weight: 400;\" aria-level=\"1\"><span style=\"font-weight: 400;\">Pr\u00e1vo na p\u0159enositelnost \u00fadaj\u016f<\/span><\/li>\r\n<li style=\"font-weight: 400;\" aria-level=\"1\"><span style=\"font-weight: 400;\">Pr\u00e1vo podat st\u00ed\u017enost u dozorov\u00e9ho \u00fa\u0159adu<\/span><\/li>\r\n<\/ol>\r\n<p><span style=\"font-weight: 400;\"><br \/>Pro uplatn\u011bn\u00ed pr\u00e1v uveden\u00fdch v p\u00edsmenech a) a\u017e g) se mohou dot\u010den\u00e9 osoby obr\u00e1tit e-mailem na<\/span><span style=\"font-weight: 400;\"> E-mail z\u00e1kazn\u00edka<\/span><span style=\"font-weight: 400;\"> obracet.<\/span><\/p>\r\n<h2><b>Google Analytics<\/b><\/h2>\r\n<p><span style=\"font-weight: 400;\">Pokud jste ud\u011blili souhlas, tato webov\u00e1 str\u00e1nka vyu\u017e\u00edv\u00e1 Google Analytics 4, webovou analytickou slu\u017ebu poskytovanou spole\u010dnost\u00ed Google LLC. Pro u\u017eivatele v EU\/EHP a \u0160v\u00fdcarsku je odpov\u011bdnou stranou spole\u010dnost Google Ireland Limited, Google Building Gordon House, 4 Barrow St, Dublin, D04 E5W5, Irsko (\u201eGoogle\u201c).<\/span><\/p>\r\n<p><span style=\"font-weight: 400;\">Google Analytics pou\u017e\u00edv\u00e1 soubory cookie, kter\u00e9 umo\u017e\u0148uj\u00ed anal\u00fdzu va\u0161eho pou\u017e\u00edv\u00e1n\u00ed na\u0161ich webov\u00fdch str\u00e1nek. Informace shrom\u00e1\u017ed\u011bn\u00e9 pomoc\u00ed soubor\u016f cookie o va\u0161em pou\u017e\u00edv\u00e1n\u00ed t\u00e9to webov\u00e9 str\u00e1nky jsou obvykle p\u0159en\u00e1\u0161eny na server spole\u010dnosti Google v USA a tam ulo\u017eeny.<\/span><\/p>\r\n<p><span style=\"font-weight: 400;\">V Google Analytics 4 je anonymizace IP adres ve v\u00fdchoz\u00edm nastaven\u00ed povolena. V d\u016fsledku anonymizace IP adres bude va\u0161e IP adresa spole\u010dnost\u00ed Google zkr\u00e1cena v \u010dlensk\u00fdch st\u00e1tech Evropsk\u00e9 unie nebo v jin\u00fdch smluvn\u00edch st\u00e1tech Dohody o Evropsk\u00e9m hospod\u00e1\u0159sk\u00e9m prostoru. Pouze ve v\u00fdjime\u010dn\u00fdch p\u0159\u00edpadech bude cel\u00e1 IP adresa p\u0159enesena na server spole\u010dnosti Google v USA a tam zkr\u00e1cena. Podle spole\u010dnosti Google nebude IP adresa p\u0159enesen\u00e1 va\u0161\u00edm prohl\u00ed\u017ee\u010dem v r\u00e1mci Google Analytics spojena s jin\u00fdmi \u00fadaji spole\u010dnosti Google.<\/span><\/p>\r\n<p><span style=\"font-weight: 400;\">B\u011bhem va\u0161\u00ed n\u00e1v\u0161t\u011bvy webu jsou va\u0161e u\u017eivatelsk\u00e9 chov\u00e1n\u00ed zaznamen\u00e1v\u00e1na ve form\u011b \u201eud\u00e1lost\u00ed\u201c. Mezi ud\u00e1losti mohou pat\u0159it:<\/span><\/p>\r\n<ul>\r\n<li style=\"font-weight: 400;\" aria-level=\"1\"><span style=\"font-weight: 400;\">Zobrazen\u00ed str\u00e1nek<\/span><\/li>\r\n<li style=\"font-weight: 400;\" aria-level=\"1\"><span style=\"font-weight: 400;\">Prvn\u00ed n\u00e1v\u0161t\u011bva webu<\/span><\/li>\r\n<li style=\"font-weight: 400;\" aria-level=\"1\"><span style=\"font-weight: 400;\">Zah\u00e1jen\u00ed relace<\/span><\/li>\r\n<li style=\"font-weight: 400;\" aria-level=\"1\"><span style=\"font-weight: 400;\">Va\u0161e \u201eklikac\u00ed cesta\u201c, interakce s webem<\/span><\/li>\r\n<li style=\"font-weight: 400;\" aria-level=\"1\"><span style=\"font-weight: 400;\">Svitky (poka\u017ed\u00e9, kdy\u017e u\u017eivatel dojede na konec str\u00e1nky (90%) )<\/span><\/li>\r\n<li style=\"font-weight: 400;\" aria-level=\"1\"><span style=\"font-weight: 400;\">Kliknut\u00ed na extern\u00ed odkazy\u00a0<\/span><\/li>\r\n<li style=\"font-weight: 400;\" aria-level=\"1\"><span style=\"font-weight: 400;\">intern\u00ed vyhled\u00e1vac\u00ed dotazy<\/span><\/li>\r\n<li style=\"font-weight: 400;\" aria-level=\"1\"><span style=\"font-weight: 400;\">Interakce s videi<\/span><\/li>\r\n<li style=\"font-weight: 400;\" aria-level=\"1\"><span style=\"font-weight: 400;\">Sta\u017een\u00ed soubor\u016f<\/span><\/li>\r\n<li style=\"font-weight: 400;\" aria-level=\"1\"><span style=\"font-weight: 400;\">zobrazen\u00e9 \/ kliknut\u00e9 reklamy<\/span><\/li>\r\n<li style=\"font-weight: 400;\" aria-level=\"1\"><span style=\"font-weight: 400;\">Nastaven\u00ed jazyka<\/span><\/li>\r\n<\/ul>\r\n<p><span style=\"font-weight: 400;\"><br \/>D\u00e1le se zaznamen\u00e1v\u00e1:<\/span><\/p>\r\n<ul>\r\n<li style=\"font-weight: 400;\" aria-level=\"1\"><span style=\"font-weight: 400;\">Va\u0161e p\u0159ibli\u017en\u00e1 poloha (region)<\/span><\/li>\r\n<li style=\"font-weight: 400;\" aria-level=\"1\"><span style=\"font-weight: 400;\">Va\u0161e IP adresa (v zkr\u00e1cen\u00e9 form\u011b)<\/span><\/li>\r\n<li style=\"font-weight: 400;\" aria-level=\"1\"><span style=\"font-weight: 400;\">technick\u00e9 informace o va\u0161em prohl\u00ed\u017ee\u010di a pou\u017e\u00edvan\u00fdch koncov\u00fdch za\u0159\u00edzen\u00edch (nap\u0159. nastaven\u00ed jazyka, rozli\u0161en\u00ed obrazovky)<\/span><\/li>\r\n<li style=\"font-weight: 400;\" aria-level=\"1\"><span style=\"font-weight: 400;\">V\u00e1\u0161 poskytovatel internetu<\/span><\/li>\r\n<li style=\"font-weight: 400;\" aria-level=\"1\"><span style=\"font-weight: 400;\">URL zdroje (p\u0159es jakou webovou str\u00e1nku \/ p\u0159es jak\u00fd reklamn\u00ed prost\u0159edek jste se na tuto webovou str\u00e1nku dostali)<\/span><\/li>\r\n<\/ul>\r\n<p><span style=\"font-weight: 400;\"><br \/>Tyto u\u017eivatelsk\u00e9 \u00fadaje budou automaticky smaz\u00e1ny po 14 m\u011bs\u00edc\u00edch. Ostatn\u00ed \u00fadaje budou ulo\u017eeny v agregovan\u00e9 form\u011b neomezen\u011b.<\/span><\/p>\r\n<p><span style=\"font-weight: 400;\">Dal\u0161\u00ed informace o smluvn\u00edch podm\u00ednk\u00e1ch slu\u017eby Google Analytics a ochran\u011b osobn\u00edch \u00fadaj\u016f spole\u010dnosti Google naleznete na str\u00e1nk\u00e1ch <\/span><a href=\"https:\/\/marketingplatform.google.com\/about\/analytics\/terms\/de\/\" target=\"_blank\" rel=\"noopener\"><span style=\"font-weight: 400;\">https:\/\/marketingplatform.google.com\/about\/analytics\/terms\/de<\/span><\/a><span style=\"font-weight: 400;\">\/ a pod <\/span><a href=\"https:\/\/policies.google.com\/?hl=de\" target=\"_blank\" rel=\"noopener\"><span style=\"font-weight: 400;\">https:\/\/policies.google.com\/?hl=de<\/span><\/a><span style=\"font-weight: 400;\">.<\/span><\/p>\r\n<p>&nbsp;<\/p>\r\n<p>&nbsp;<\/p>","protected":false},"excerpt":{"rendered":"<p>Diese Datenschutzerkl\u00e4rung informiert die Nutzer dieser Website gem\u00e4\u00df europ\u00e4ischer Datenschutzgrundverordnung (DSGVO) \u00fcber die Art, den Umfang und den Zweck der Erhebung und der Verwendung personenbezogener Daten durch den Websitebetreiber. Der Websitebetreiber behandelt Ihre personenbezogenen Daten vertraulich und entsprechend der gesetzlichen Vorschriften. Personenbezogene Daten sind Informationen, die sich auf die Identit\u00e4t einer Person beziehen oder durch [&hellip;]<\/p>\n","protected":false},"author":1,"featured_media":0,"parent":0,"menu_order":0,"comment_status":"closed","ping_status":"open","template":"","meta":{"_acf_changed":false,"footnotes":""},"class_list":["post-3","page","type-page","status-publish","hentry"],"acf":[],"_links":{"self":[{"href":"https:\/\/www.evamatic.com\/cs\/wp-json\/wp\/v2\/pages\/3","targetHints":{"allow":["GET"]}}],"collection":[{"href":"https:\/\/www.evamatic.com\/cs\/wp-json\/wp\/v2\/pages"}],"about":[{"href":"https:\/\/www.evamatic.com\/cs\/wp-json\/wp\/v2\/types\/page"}],"author":[{"embeddable":true,"href":"https:\/\/www.evamatic.com\/cs\/wp-json\/wp\/v2\/users\/1"}],"replies":[{"embeddable":true,"href":"https:\/\/www.evamatic.com\/cs\/wp-json\/wp\/v2\/comments?post=3"}],"version-history":[{"count":5,"href":"https:\/\/www.evamatic.com\/cs\/wp-json\/wp\/v2\/pages\/3\/revisions"}],"predecessor-version":[{"id":721,"href":"https:\/\/www.evamatic.com\/cs\/wp-json\/wp\/v2\/pages\/3\/revisions\/721"}],"wp:attachment":[{"href":"https:\/\/www.evamatic.com\/cs\/wp-json\/wp\/v2\/media?parent=3"}],"curies":[{"name":"wp","href":"https:\/\/api.w.org\/{rel}","templated":true}]}}