{"id":1862,"date":"2026-03-20T11:22:05","date_gmt":"2026-03-20T10:22:05","guid":{"rendered":"http:\/\/www.evamatic.at\/?page_id=1862"},"modified":"2026-04-19T16:55:05","modified_gmt":"2026-04-19T14:55:05","slug":"dodani-a-doprava","status":"publish","type":"page","link":"https:\/\/www.evamatic.com\/cs\/lieferung-und-versand\/","title":{"rendered":"Dod\u00e1n\u00ed a doprava"},"content":{"rendered":"<div data-elementor-type=\"wp-page\" data-elementor-id=\"1862\" class=\"elementor elementor-1862\" data-elementor-post-type=\"page\">\n\t\t\t\t<div class=\"elementor-element elementor-element-f116383 e-flex e-con-boxed e-con e-parent\" data-id=\"f116383\" data-element_type=\"container\" data-e-type=\"container\" data-settings=\"{&quot;background_background&quot;:&quot;gradient&quot;}\">\n\t\t\t\t\t<div class=\"e-con-inner\">\n\t\t<div class=\"elementor-element elementor-element-be4351c e-con-full e-flex e-con e-child\" data-id=\"be4351c\" data-element_type=\"container\" data-e-type=\"container\">\n\t\t\t\t<div class=\"elementor-element elementor-element-28e617b elementor-widget elementor-widget-heading\" data-id=\"28e617b\" data-element_type=\"widget\" data-e-type=\"widget\" data-widget_type=\"heading.default\">\n\t\t\t\t\t<h2 class=\"elementor-heading-title elementor-size-default\">Dod\u00e1n\u00ed a doprava<\/h2>\t\t\t\t<\/div>\n\t\t\t\t<div class=\"elementor-element elementor-element-20d1fb3 elementor-invisible elementor-widget elementor-widget-heading\" data-id=\"20d1fb3\" data-element_type=\"widget\" data-e-type=\"widget\" data-settings=\"{&quot;_animation&quot;:&quot;fadeInUp&quot;,&quot;_animation_delay&quot;:250}\" data-widget_type=\"heading.default\">\n\t\t\t\t\t<h4 class=\"elementor-heading-title elementor-size-default\">P\u0159ehled relevantn\u00edch informac\u00ed a \u010dast\u00fdch dotaz\u016f k doru\u010den\u00ed a expedici.\n\n\n\n<\/h4>\t\t\t\t<\/div>\n\t\t\t\t<\/div>\n\t\t\t\t\t<\/div>\n\t\t\t\t<\/div>\n\t\t<div class=\"elementor-element elementor-element-6964ee1 e-flex e-con-boxed e-con e-parent\" data-id=\"6964ee1\" data-element_type=\"container\" data-e-type=\"container\">\n\t\t\t\t\t<div class=\"e-con-inner\">\n\t\t\t\t<div class=\"elementor-element elementor-element-159d36d elementor-widget elementor-widget-text-editor\" data-id=\"159d36d\" data-element_type=\"widget\" data-e-type=\"widget\" data-widget_type=\"text-editor.default\">\n\t\t\t\t\t\t\t\t\t<p data-start=\"223\" data-end=\"382\">\u00a0<\/p><p data-start=\"223\" data-end=\"382\">Na\u0161e produkty dod\u00e1v\u00e1me spolehliv\u011b a v\u010das. Dodac\u00ed lh\u016fta z\u00e1vis\u00ed na konkr\u00e9tn\u00edm produktu, zvolen\u00e9 variant\u011b a druhu tisku.<\/p><p data-start=\"384\" data-end=\"422\">N\u00e1\u0161 sortiment zahrnuje mimo jin\u00e9:<\/p><ul data-start=\"423\" data-end=\"539\"><li data-start=\"423\" data-end=\"446\"><p data-start=\"425\" data-end=\"446\"><strong data-start=\"425\" data-end=\"446\">Dr\u017e\u00e1k registra\u010dn\u00ed zna\u010dky<\/strong><\/p><\/li><li data-start=\"481\" data-end=\"506\"><p data-start=\"483\" data-end=\"506\"><strong data-start=\"483\" data-end=\"506\">Zna\u010dky a displeje<\/strong><\/p><\/li><li data-start=\"507\" data-end=\"539\"><p data-start=\"509\" data-end=\"539\"><strong data-start=\"509\" data-end=\"539\">Popisky a samolepky<\/strong><\/p><\/li><li><strong data-start=\"449\" data-end=\"480\">Organizace kl\u00ed\u010d\u016f (AUT)<\/strong><\/li><\/ul><p>\u00a0<\/p>\t\t\t\t\t\t\t\t<\/div>\n\t\t\t\t\t<\/div>\n\t\t\t\t<\/div>\n\t\t<div class=\"elementor-element elementor-element-483cd10 e-flex e-con-boxed e-con e-parent\" data-id=\"483cd10\" data-element_type=\"container\" data-e-type=\"container\">\n\t\t\t\t\t<div class=\"e-con-inner\">\n\t\t\t\t<div class=\"elementor-element elementor-element-58fc854 elementor-widget elementor-widget-heading\" data-id=\"58fc854\" data-element_type=\"widget\" data-e-type=\"widget\" data-widget_type=\"heading.default\">\n\t\t\t\t\t<h3 class=\"elementor-heading-title elementor-size-default\">Dodac\u00ed lh\u016fty<\/h3>\t\t\t\t<\/div>\n\t\t\t\t<div class=\"elementor-element elementor-element-6aa573b elementor-widget elementor-widget-text-editor\" data-id=\"6aa573b\" data-element_type=\"widget\" data-e-type=\"widget\" data-widget_type=\"text-editor.default\">\n\t\t\t\t\t\t\t\t\t<p><strong>Nepoti\u0161t\u011bn\u00e9 dr\u017e\u00e1ky registra\u010dn\u00edch zna\u010dek<\/strong><\/p><ul><li><p>ca. <strong>5 pracovn\u00edch dn\u016f<\/strong><\/p><\/li><\/ul><p><strong>4c-tisk (digit\u00e1ln\u00ed tisk)<\/strong><\/p><ul><li><p>ca. <strong>10\u201314 dn\u00ed<\/strong><\/p><\/li><\/ul><p><strong>S\u00edtotisk<\/strong><\/p><ul><li><p>ca. <strong>3\u20134 t\u00fddny<\/strong><\/p><\/li><\/ul><p><em>Dodac\u00ed lh\u016fta za\u010d\u00edn\u00e1 b\u011b\u017eet od p\u0159ijet\u00ed platby. U produkt\u016f na m\u00edru mohou nastat odchylky z d\u016fvod\u016f v\u00fdrobn\u00ed technologie.<\/em><\/p><p>\u00a0<\/p>\t\t\t\t\t\t\t\t<\/div>\n\t\t\t\t\t<\/div>\n\t\t\t\t<\/div>\n\t\t<div class=\"elementor-element elementor-element-dfb2575 e-flex e-con-boxed e-con e-parent\" data-id=\"dfb2575\" data-element_type=\"container\" data-e-type=\"container\">\n\t\t\t\t\t<div class=\"e-con-inner\">\n\t\t\t\t<div class=\"elementor-element elementor-element-9bc9d89 elementor-widget elementor-widget-heading\" data-id=\"9bc9d89\" data-element_type=\"widget\" data-e-type=\"widget\" data-widget_type=\"heading.default\">\n\t\t\t\t\t<h3 class=\"elementor-heading-title elementor-size-default\">N\u00e1klady na dopravu a oblasti doru\u010den\u00ed<\/h3>\t\t\t\t<\/div>\n\t\t\t\t<div class=\"elementor-element elementor-element-c7216dc elementor-widget elementor-widget-text-editor\" data-id=\"c7216dc\" data-element_type=\"widget\" data-e-type=\"widget\" data-widget_type=\"text-editor.default\">\n\t\t\t\t\t\t\t\t\t<p data-start=\"58\" data-end=\"228\">Dod\u00e1v\u00e1me do Rakouska, N\u011bmecka, \u0160v\u00fdcarska a USA. Mo\u017en\u00e9 jsou tak\u00e9 dod\u00e1vky v r\u00e1mci Spole\u010denstv\u00ed v r\u00e1mci EU.<\/p>\n<h4><img decoding=\"async\" draggable=\"false\" role=\"img\" class=\"emoji\" alt=\"Rakousko\" src=\"https:\/\/s.w.org\/images\/core\/emoji\/17.0.2\/svg\/1f1e6-1f1f9.svg\" title=\"\"> Rakousko<\/h4>\n<ul>\n<li>\n<p><strong>Doprava:<\/strong> \u20ac <strong>9,90<\/strong><\/p>\n<\/li>\n<li>\n<p><strong>Zdarma dom\u016f<\/strong> od objedn\u00e1vky v hodnot\u011b <strong>250,\u2013 \u20ac<\/strong><\/p>\n<\/li>\n<li>\n<p><strong>Dodac\u00ed lh\u016fta:<\/strong> dle produktu a typu tisku&nbsp;<\/p>\n<\/li>\n<\/ul>\n<h4>&nbsp;<\/h4>\n<h4><img decoding=\"async\" draggable=\"false\" role=\"img\" class=\"emoji\" alt=\"N\u011bmecky\" src=\"https:\/\/s.w.org\/images\/core\/emoji\/17.0.2\/svg\/1f1e9-1f1ea.svg\" title=\"\"> N\u011bmecko<\/h4>\n<ul>\n<li>\n<p><strong>Doprava:<\/strong> \u20ac <strong>19,90<\/strong><\/p>\n<\/li>\n<li>\n<p><strong>Zdarma dom\u016f<\/strong> od objedn\u00e1vky v hodnot\u011b <strong>400,\u2013 \u20ac<\/strong><\/p>\n<\/li>\n<li>\n<p><strong>Dodac\u00ed lh\u016fta:<\/strong> v z\u00e1vislosti na produktu a druhu tisku<\/p>\n<\/li>\n<\/ul>\n<p><em>Pro jednotliv\u00e9 produkty nen\u00ed mo\u017en\u00e1 doprava do N\u011bmecka. V takov\u00e9m p\u0159\u00edpad\u011b se to zobraz\u00ed b\u011bhem procesu objedn\u00e1vky.<\/em><\/p>\n<h4><img decoding=\"async\" draggable=\"false\" role=\"img\" class=\"emoji\" alt=\"\u0160v\u00fdcarsko\" src=\"https:\/\/s.w.org\/images\/core\/emoji\/17.0.2\/svg\/1f1e8-1f1ed.svg\" title=\"\"> \u0160v\u00fdcarsko<\/h4>\n<p><em>Zda je mo\u017en\u00e1 doprava do \u0160v\u00fdcarska, je uvedeno u jednotliv\u00fdch produkt\u016f nebo b\u011bhem objedn\u00e1vky.<br><span style=\"font-weight: 400;\">N\u00e1klady na dopravu do \u0160v\u00fdcarska naleznete ve webov\u00e9 kalkula\u010dce p\u0159epravn\u00edch n\u00e1klad\u016f v e-shopu. Upozor\u0148ujeme, \u017ee mohou vzniknout celn\u00ed nebo dovozn\u00ed poplatky. Pro proclen\u00ed ve \u0160v\u00fdcarsku je nezbytn\u011b nutn\u00e9 identifika\u010dn\u00ed \u010d\u00edslo pro DPH (UID).<\/span><\/em><\/p>\n<h4 data-start=\"793\" data-end=\"817\"><img decoding=\"async\" draggable=\"false\" role=\"img\" class=\"emoji\" alt=\"\ud83c\uddea\ud83c\uddfa\" src=\"https:\/\/s.w.org\/images\/core\/emoji\/17.0.2\/svg\/1f1ea-1f1fa.svg\" title=\"\"> Evropsk\u00e1 unie<\/h4>\n<p data-start=\"819\" data-end=\"874\"><span style=\"font-weight: 400;\">Dod\u00e1vky do jin\u00fdch \u010dlensk\u00fdch st\u00e1t\u016f EU jsou rovn\u011b\u017e mo\u017en\u00e9.<\/span><\/p><p data-start=\"819\" data-end=\"874\"><span style=\"font-weight: 400;\">N\u00e1klady na dopravu se \u0159e\u0161\u00ed na vy\u017e\u00e1d\u00e1n\u00ed nebo je naleznete v kalkul\u00e1toru n\u00e1klad\u016f na dopravu v internetov\u00e9m obchod\u011b.<\/span><\/p>\n<h4 data-start=\"792\" data-end=\"802\"><img decoding=\"async\" draggable=\"false\" role=\"img\" class=\"emoji\" alt=\"USA\" src=\"https:\/\/s.w.org\/images\/core\/emoji\/17.0.2\/svg\/1f1fa-1f1f8.svg\" title=\"\"> USA<\/h4>\n<p data-start=\"804\" data-end=\"832\">N\u00e1klady na dopravu do USA v\u00e1m r\u00e1di sd\u011bl\u00edme na po\u017e\u00e1d\u00e1n\u00ed. Upozor\u0148ujeme, \u017ee mohou b\u00fdt \u00fa\u010dtov\u00e1ny celn\u00ed nebo dovozn\u00ed poplatky.<\/p>\n<p data-start=\"804\" data-end=\"832\">\n<\/p>\t\t\t\t\t\t\t\t<\/div>\n\t\t\t\t\t<\/div>\n\t\t\t\t<\/div>\n\t\t<div class=\"elementor-element elementor-element-33db644 e-flex e-con-boxed e-con e-parent\" data-id=\"33db644\" data-element_type=\"container\" data-e-type=\"container\">\n\t\t\t\t\t<div class=\"e-con-inner\">\n\t\t\t\t<div class=\"elementor-element elementor-element-5646282 elementor-widget elementor-widget-heading\" data-id=\"5646282\" data-element_type=\"widget\" data-e-type=\"widget\" data-widget_type=\"heading.default\">\n\t\t\t\t\t<h3 class=\"elementor-heading-title elementor-size-default\">D\u016fle\u017eit\u00e9 upozorn\u011bn\u00ed<\/h3>\t\t\t\t<\/div>\n\t\t\t\t<div class=\"elementor-element elementor-element-24231ff elementor-widget elementor-widget-text-editor\" data-id=\"24231ff\" data-element_type=\"widget\" data-e-type=\"widget\" data-widget_type=\"text-editor.default\">\n\t\t\t\t\t\t\t\t\t<ul><li><p>Objedn\u00e1vky jsou zpracov\u00e1v\u00e1ny ve v\u0161edn\u00ed dny.<\/p><\/li><li><p>O v\u00edkendech a sv\u00e1tc\u00edch nedoch\u00e1z\u00ed k doru\u010den\u00ed.<\/p><\/li><li><p>Pros\u00edm, dbejte na spr\u00e1vn\u00e9 uveden\u00ed va\u0161\u00ed dodac\u00ed adresy.<\/p><\/li><\/ul><p>V p\u0159\u00edpad\u011b dotaz\u016f ohledn\u011b dodac\u00edch lh\u016ft, dopravy nebo speci\u00e1ln\u00edch \u0159e\u0161en\u00ed <a href=\"\/cs\/kontakt\/\"><strong>kontaktujte n\u00e1s<\/strong><\/a> \u2013 pom\u016f\u017eeme v\u00e1m osobn\u011b.<\/p>\t\t\t\t\t\t\t\t<\/div>\n\t\t\t\t\t<\/div>\n\t\t\t\t<\/div>\n\t\t\t\t<\/div>","protected":false},"excerpt":{"rendered":"<p>Lieferung &amp; Versand Relevante Informationen und h\u00e4ufige Fragen zu Lieferung &amp; Versand auf einen Blick. \u00a0 Wir liefern unsere Produkte zuverl\u00e4ssig und termingerecht. Die Lieferzeit richtet sich nach dem jeweiligen Produkt sowie der gew\u00e4hlten Ausf\u00fchrung und Druckart. Unser Sortiment umfasst unter anderem: Kennzeichenhalter Schilder &amp; Displays Beschriftungen &amp; Aufkleber Schl\u00fcsselorganisation (AUT) \u00a0 Lieferzeiten Unbedruckte Kennzeichenhalter [&hellip;]<\/p>\n","protected":false},"author":1,"featured_media":0,"parent":0,"menu_order":0,"comment_status":"closed","ping_status":"closed","template":"","meta":{"_acf_changed":false,"footnotes":""},"class_list":["post-1862","page","type-page","status-publish","hentry"],"acf":[],"_links":{"self":[{"href":"https:\/\/www.evamatic.com\/cs\/wp-json\/wp\/v2\/pages\/1862","targetHints":{"allow":["GET"]}}],"collection":[{"href":"https:\/\/www.evamatic.com\/cs\/wp-json\/wp\/v2\/pages"}],"about":[{"href":"https:\/\/www.evamatic.com\/cs\/wp-json\/wp\/v2\/types\/page"}],"author":[{"embeddable":true,"href":"https:\/\/www.evamatic.com\/cs\/wp-json\/wp\/v2\/users\/1"}],"replies":[{"embeddable":true,"href":"https:\/\/www.evamatic.com\/cs\/wp-json\/wp\/v2\/comments?post=1862"}],"version-history":[{"count":10,"href":"https:\/\/www.evamatic.com\/cs\/wp-json\/wp\/v2\/pages\/1862\/revisions"}],"predecessor-version":[{"id":3972,"href":"https:\/\/www.evamatic.com\/cs\/wp-json\/wp\/v2\/pages\/1862\/revisions\/3972"}],"wp:attachment":[{"href":"https:\/\/www.evamatic.com\/cs\/wp-json\/wp\/v2\/media?parent=1862"}],"curies":[{"name":"wp","href":"https:\/\/api.w.org\/{rel}","templated":true}]}}